{"id":9,"date":"2014-08-22T14:51:46","date_gmt":"2014-08-22T14:51:46","guid":{"rendered":"http:\/\/localhost:88\/ikmptwp\/?page_id=9"},"modified":"2015-07-13T15:38:25","modified_gmt":"2015-07-13T15:38:25","slug":"historia-ikm-portugal","status":"publish","type":"page","link":"http:\/\/www.ikm-portugal.com\/wp\/?page_id=9","title":{"rendered":"Hist\u00f3ria IKM"},"content":{"rendered":"<h2>A \u201cGABI NOAH INTERNATIONAL KRAV MAGA\u201d (IKM)<\/h2>\n<p>A <strong>\u201cGabi Noah International Krav Maga\u201d (IKM)<\/strong>, aparece no final do ano de 2009, liderada pelo <strong>Mestre Gabi Noah<\/strong>, um dos alunos do criador do Krav Maga, <strong>Senhor Imi Lichtenfeld<\/strong> e um dos fundadores da \u201cInternational Krav Maga Federation\u201d (IKMF).<\/p>\n<p>A necessidade da constitui\u00e7\u00e3o da IKMF surge no in\u00edcio dos anos 90, quando o ensino do Krav-Maga (KM) se come\u00e7ou a expandir para al\u00e9m das fronteiras de Israel. Naquela altura, a Krav Maga Association inicial encontrava-se dividida e n\u00e3o estava a funcionar eficientemente, devido a diverg\u00eancias entre os instrutores mais graduados. Como consequ\u00eancia, Imi (o fundador do Krav-Maga) pediu a Eyal Yanilov, o seu assistente mais pr\u00f3ximo, e instrutor chefe de Krav-Maga, para ajud\u00e1-lo a formar uma nova federa\u00e7\u00e3o internacional de Krav Maga (IKMF \u2013 International Krav Maga Federation). A cria\u00e7\u00e3o desta nova organiza\u00e7\u00e3o ficou adiada at\u00e9 a associa\u00e7\u00e3o inicial se separar em 1995.<\/p>\n<p>Com o consentimento e apoio de Imi, a IKMF foi fundada no in\u00edcio de 1996 por Eyal Yanilov, Gabi Noah, Avi Moyal, Eli Ben-Ami e muitos outros instrutores respeitados. Todos os diplomas de Master e Expert, gradua\u00e7\u00f5es e n\u00edveis emitidos pela IKMF, a nova e l\u00edder organiza\u00e7\u00e3o, foram autorizados por Imi.\u00a0Ainda como um dos quatro Directores dessa Organiza\u00e7\u00e3o Internacional, o <strong>Mestre Gabi Noah<\/strong>, sentia cada vez mais a necessidade de garantir que o Krav Maga se mantivesse actual e \u00fatil nas mais variadas vertentes, Civil, Policial, Militar, Protec\u00e7\u00e3o VIP, etc\u2026<\/p>\n<p>O facto do <strong>Mestre Gabi Noah<\/strong> leccionar Krav Maga, dentro e fora de Israel, nos v\u00e1rios ramos acima mencionados, ramos esses em que por motivos profissionais os seus elementos acabam por colocar em pr\u00e1tica diariamente estes ensinamentos, leva-o a uma incessante busca pelo desenvolvimento e adapta\u00e7\u00e3o do Krav Maga a cen\u00e1rios reais, com resolu\u00e7\u00f5es eficazes e seguras para os mais variados problemas do dia a dia destes profissionais.<\/p>\n<p>N\u00e3o sendo esta evolu\u00e7\u00e3o sempre consensual entre os quatro directores da IKMF, \u00e9 ent\u00e3o que o <strong>Mestre Gabi Noah<\/strong> decide o seu afastamento da \u201cInternational Krav Maga Federation\u201d e cria a <strong>\u201cGabi Noah Internacional Krav Maga\u201d (IKM)<\/strong>.<\/p>\n<p>Devido \u00e0 sua grande amizade com os restantes Directores da IKMF, o <strong>Mestre Gabi Noah<\/strong> manteve o seu apoio e ajuda t\u00e9cnica a esta Organiza\u00e7\u00e3o at\u00e9 Agosto de 2010, participando em v\u00e1rios eventos da IKMF, mas j\u00e1 com a sua marca,<strong> IKM<\/strong>.<\/p>\n<p>Em Agosto de 2010, devido ao forte crescimento da <strong>IKM<\/strong> e \u00e0s, cada vez mais vincadas, diferen\u00e7as t\u00e9cnicas entre estas duas organiza\u00e7\u00f5es, o <strong>Mestre Gabi Noah<\/strong>\u00a0v\u00ea-se obrigado a cessar de vez o seu apoio \u00e0 IKMF. Nesta altura, j\u00e1 a IKM contava com forma\u00e7\u00e3o em cerca de tr\u00eas dezenas de Pa\u00edses, al\u00e9m de uma cada vez mais vincada diferen\u00e7a t\u00e9cnica relativamente ao que era praticado na IKMF.<\/p>\n<p>\u00c9 \u00a0tamb\u00e9m em Agosto de 2010 que outro dos Directores da IKMF, o <strong>Mestre Eli Ben-Ami<\/strong>, que sempre apoiou o crescimento do <strong>Mestre Gabi Noah<\/strong>, decidiu juntar-se \u00e0 <strong>IKM<\/strong>, levando com ele os seus quatro Pa\u00edses: Portugal, Espanha, It\u00e1lia e \u00c1frica do Sul.<\/p>\n<p>Foi ent\u00e3o nessa altura, criada a <strong>IKM-Portugal<\/strong>, toda ela formada \u00e0 base da grande maioria do que era at\u00e9 ent\u00e3o a IKMF-Portugal.<\/p>\n","protected":false},"excerpt":{"rendered":"<p>A \u201cGABI NOAH INTERNATIONAL KRAV MAGA\u201d (IKM) A \u201cGabi Noah International Krav Maga\u201d (IKM), aparece no final do ano de 2009, liderada pelo Mestre Gabi Noah, um dos alunos do criador do Krav Maga, Senhor Imi Lichtenfeld e um dos fundadores da \u201cInternational Krav Maga Federation\u201d (IKMF). A necessidade da constitui\u00e7\u00e3o da IKMF surge no [&hellip;]<\/p>\n","protected":false},"author":4,"featured_media":0,"parent":0,"menu_order":0,"comment_status":"open","ping_status":"open","template":"","meta":{"footnotes":""},"class_list":["post-9","page","type-page","status-publish","hentry"],"_links":{"self":[{"href":"http:\/\/www.ikm-portugal.com\/wp\/index.php?rest_route=\/wp\/v2\/pages\/9","targetHints":{"allow":["GET"]}}],"collection":[{"href":"http:\/\/www.ikm-portugal.com\/wp\/index.php?rest_route=\/wp\/v2\/pages"}],"about":[{"href":"http:\/\/www.ikm-portugal.com\/wp\/index.php?rest_route=\/wp\/v2\/types\/page"}],"author":[{"embeddable":true,"href":"http:\/\/www.ikm-portugal.com\/wp\/index.php?rest_route=\/wp\/v2\/users\/4"}],"replies":[{"embeddable":true,"href":"http:\/\/www.ikm-portugal.com\/wp\/index.php?rest_route=%2Fwp%2Fv2%2Fcomments&post=9"}],"version-history":[{"count":7,"href":"http:\/\/www.ikm-portugal.com\/wp\/index.php?rest_route=\/wp\/v2\/pages\/9\/revisions"}],"predecessor-version":[{"id":589,"href":"http:\/\/www.ikm-portugal.com\/wp\/index.php?rest_route=\/wp\/v2\/pages\/9\/revisions\/589"}],"wp:attachment":[{"href":"http:\/\/www.ikm-portugal.com\/wp\/index.php?rest_route=%2Fwp%2Fv2%2Fmedia&parent=9"}],"curies":[{"name":"wp","href":"https:\/\/api.w.org\/{rel}","templated":true}]}}