{"id":851,"date":"2016-08-10T08:57:16","date_gmt":"2016-08-10T08:57:16","guid":{"rendered":"http:\/\/www.ikm-portugal.com\/wp\/?page_id=851"},"modified":"2018-05-29T15:01:29","modified_gmt":"2018-05-29T15:01:29","slug":"contactos","status":"publish","type":"page","link":"http:\/\/www.ikm-portugal.com\/wp\/?page_id=851","title":{"rendered":"Contactos"},"content":{"rendered":"<h2>Contactos<\/h2>\n<p style=\"text-align: justify;\">Os dados pessoais recolhidos neste formul\u00e1rio s\u00e3o tratados e utilizados exclusivamente para identifica\u00e7\u00e3o e presta\u00e7\u00e3o dos servi\u00e7os na<br \/>\n<strong>Aprender Compensa<\/strong> \u2013 <strong>Associa\u00e7\u00e3o de Defesa Pessoal e T\u00e1cticas de Combate<\/strong><\/p>\n<p>&nbsp;<\/p>\n\n<div class=\"wpcf7 no-js\" id=\"wpcf7-f850-o1\" lang=\"en-US\" dir=\"ltr\" data-wpcf7-id=\"850\">\n<div class=\"screen-reader-response\"><p role=\"status\" aria-live=\"polite\" aria-atomic=\"true\"><\/p> <ul><\/ul><\/div>\n<form action=\"\/wp\/index.php?rest_route=%2Fwp%2Fv2%2Fpages%2F851#wpcf7-f850-o1\" method=\"post\" class=\"wpcf7-form init\" aria-label=\"Contact form\" novalidate=\"novalidate\" data-status=\"init\">\n<fieldset class=\"hidden-fields-container\"><input type=\"hidden\" name=\"_wpcf7\" value=\"850\" \/><input type=\"hidden\" name=\"_wpcf7_version\" value=\"6.1.5\" \/><input type=\"hidden\" name=\"_wpcf7_locale\" value=\"en_US\" \/><input type=\"hidden\" name=\"_wpcf7_unit_tag\" value=\"wpcf7-f850-o1\" \/><input type=\"hidden\" name=\"_wpcf7_container_post\" value=\"0\" \/><input type=\"hidden\" name=\"_wpcf7_posted_data_hash\" value=\"\" \/>\n<\/fieldset>\n<p><label> Seu Nome (required)<br \/>\n<span class=\"wpcf7-form-control-wrap\" data-name=\"your-name\"><input size=\"40\" maxlength=\"400\" class=\"wpcf7-form-control wpcf7-text wpcf7-validates-as-required\" aria-required=\"true\" aria-invalid=\"false\" value=\"\" type=\"text\" name=\"your-name\" \/><\/span> <\/label>\n<\/p>\n<p><label> Seu email (required)<br \/>\n<span class=\"wpcf7-form-control-wrap\" data-name=\"your-email\"><input size=\"40\" maxlength=\"400\" class=\"wpcf7-form-control wpcf7-email wpcf7-validates-as-required wpcf7-text wpcf7-validates-as-email\" aria-required=\"true\" aria-invalid=\"false\" value=\"\" type=\"email\" name=\"your-email\" \/><\/span> <\/label>\n<\/p>\n<p><label> Assunto<br \/>\n<span class=\"wpcf7-form-control-wrap\" data-name=\"your-subject\"><input size=\"40\" maxlength=\"400\" class=\"wpcf7-form-control wpcf7-text\" aria-invalid=\"false\" value=\"\" type=\"text\" name=\"your-subject\" \/><\/span> <\/label>\n<\/p>\n<p><label> Mensagem<br \/>\n<span class=\"wpcf7-form-control-wrap\" data-name=\"your-message\"><textarea cols=\"40\" rows=\"10\" maxlength=\"2000\" class=\"wpcf7-form-control wpcf7-textarea\" aria-invalid=\"false\" name=\"your-message\"><\/textarea><\/span> <\/label>\n<\/p>\n<p><span class=\"wpcf7-form-control-wrap\" data-name=\"checkbox-664\"><span class=\"wpcf7-form-control wpcf7-checkbox\"><span class=\"wpcf7-list-item first last\"><input type=\"checkbox\" name=\"checkbox-664[]\" value=\"Aceito que os meus dados pessoais sejam utilizados para fins comerciais (newsletter, a\u00e7\u00f5es promocionais e contactos comerciais ocasionais).\" \/><span class=\"wpcf7-list-item-label\">Aceito que os meus dados pessoais sejam utilizados para fins comerciais (newsletter, a\u00e7\u00f5es promocionais e contactos comerciais ocasionais).<\/span><\/span><\/span><\/span>\n<\/p>\n<p><input class=\"wpcf7-form-control wpcf7-submit has-spinner\" type=\"submit\" value=\"Enviar\" \/>\n<\/p><div class=\"wpcf7-response-output\" aria-hidden=\"true\"><\/div>\n<\/form>\n<\/div>\n\n<p>&nbsp;<\/p>\n<p style=\"text-align: justify;\">O titular dos dados tem direito ao tratamento e prote\u00e7\u00e3o dos seus dados pessoais, caso necessite de contactar o respons\u00e1vel pelo tratamento,<br \/>\nutilize o e-mail <a href=\"mailto: geral@ikm-portugal.com\">geral@ikm-portugal.com<\/a> ou o telefone <strong>216 054 135<\/strong><\/p>\n","protected":false},"excerpt":{"rendered":"<p>Contactos Os dados pessoais recolhidos neste formul\u00e1rio s\u00e3o tratados e utilizados exclusivamente para identifica\u00e7\u00e3o e presta\u00e7\u00e3o dos servi\u00e7os na Aprender Compensa \u2013 Associa\u00e7\u00e3o de Defesa Pessoal e T\u00e1cticas de Combate &nbsp; &nbsp; O titular dos dados tem direito ao tratamento e prote\u00e7\u00e3o dos seus dados pessoais, caso necessite de contactar o respons\u00e1vel pelo tratamento, utilize [&hellip;]<\/p>\n","protected":false},"author":4,"featured_media":0,"parent":0,"menu_order":0,"comment_status":"closed","ping_status":"closed","template":"","meta":{"footnotes":""},"class_list":["post-851","page","type-page","status-publish","hentry"],"_links":{"self":[{"href":"http:\/\/www.ikm-portugal.com\/wp\/index.php?rest_route=\/wp\/v2\/pages\/851","targetHints":{"allow":["GET"]}}],"collection":[{"href":"http:\/\/www.ikm-portugal.com\/wp\/index.php?rest_route=\/wp\/v2\/pages"}],"about":[{"href":"http:\/\/www.ikm-portugal.com\/wp\/index.php?rest_route=\/wp\/v2\/types\/page"}],"author":[{"embeddable":true,"href":"http:\/\/www.ikm-portugal.com\/wp\/index.php?rest_route=\/wp\/v2\/users\/4"}],"replies":[{"embeddable":true,"href":"http:\/\/www.ikm-portugal.com\/wp\/index.php?rest_route=%2Fwp%2Fv2%2Fcomments&post=851"}],"version-history":[{"count":9,"href":"http:\/\/www.ikm-portugal.com\/wp\/index.php?rest_route=\/wp\/v2\/pages\/851\/revisions"}],"predecessor-version":[{"id":1127,"href":"http:\/\/www.ikm-portugal.com\/wp\/index.php?rest_route=\/wp\/v2\/pages\/851\/revisions\/1127"}],"wp:attachment":[{"href":"http:\/\/www.ikm-portugal.com\/wp\/index.php?rest_route=%2Fwp%2Fv2%2Fmedia&parent=851"}],"curies":[{"name":"wp","href":"https:\/\/api.w.org\/{rel}","templated":true}]}}