{"id":835,"date":"2016-08-09T16:20:01","date_gmt":"2016-08-09T16:20:01","guid":{"rendered":"http:\/\/www.ikm-portugal.com\/wp\/?page_id=835"},"modified":"2016-08-09T16:29:16","modified_gmt":"2016-08-09T16:29:16","slug":"certificacao-wingate","status":"publish","type":"page","link":"http:\/\/www.ikm-portugal.com\/wp\/?page_id=835","title":{"rendered":"Certifica\u00e7\u00e3o Wingate"},"content":{"rendered":"<h2>IKM RECONHECIDA PELO INSTITUTO WINGATE<\/h2>\n<p><img loading=\"lazy\" decoding=\"async\" class=\"pull-left alignnone wp-image-836 size-medium\" src=\"http:\/\/www.ikm-portugal.com\/wp\/wp-content\/uploads\/2016\/08\/wingate-300x164.png\" alt=\"wingate\" width=\"300\" height=\"164\" srcset=\"http:\/\/www.ikm-portugal.com\/wp\/wp-content\/uploads\/2016\/08\/wingate-300x164.png 300w, http:\/\/www.ikm-portugal.com\/wp\/wp-content\/uploads\/2016\/08\/wingate-150x82.png 150w, http:\/\/www.ikm-portugal.com\/wp\/wp-content\/uploads\/2016\/08\/wingate.png 303w\" sizes=\"auto, (max-width: 300px) 100vw, 300px\" \/><\/p>\n<p><strong>Um marco hist\u00f3rico para a Gabi Noah Internacional Krav Maga (IKM).<\/strong><\/p>\n<p>Pela primeira vez na hist\u00f3ria do Instituto Wingate de Israel, a entidade governamental que regulamenta, ensina e fiscaliza todos os assuntos relacionados com desporto e actividade fisica em Israel, uma organiza\u00e7\u00e3o de Krav Maga foi reconhecida pelos seus altos padr\u00f5es de profissionalismo e capacidades t\u00e9cnicas e did\u00e1ticas.<\/p>\n<p>Essa distin\u00e7\u00e3o foi atribuida \u00e0 <strong>Gabi Noah International Krav Maga (IKM)<\/strong>, reconhecendo assim todo o trabalho que tem vindo a ser desenvolvido pelo Mestre Gabi Noah desde h\u00e1 muito anos para c\u00e1.<\/p>\n<p>Desta forma, todos os instrutores da IKM a n\u00edvel mundial contam agora com a certifica\u00e7\u00e3o do Instituto Wingate de Israel.<\/p>\n<p>Foi no passado dia <strong>25 de Mar\u00e7o<\/strong>, que foi conduzida a cerim\u00f3nia de reconhecimento, com a presen\u00e7a do Mestre Gabi Noah e Mestre Eli Ben-Ami, assim como do Mestre\u00a0<span id=\"fbPhotoSnowliftTagList\" class=\"fbPhotoTagList\"><span class=\"fcg\"><span class=\"ogTagItem\"><span class=\"fbPhotoTagListTag tagItem\">Avi Abeceedon, respons\u00e1vel pelo departamento de artes Marciais do Instituto Wingate, onde foram entregues os primeiros certificados emitidos pelo Instituto Wingate aos instrutores da IKM presentes em Netanya.<\/span><\/span><\/span><\/span><\/p>\n<p><strong>PARAB\u00c9NS IKM, A PRIMEIRA ORGANIZA\u00c7\u00c3O RECONHECIDA PELO GOVERNO DE ISRAEL!<\/strong><\/p>\n<p>Para a IKM &#8211; Portugal, este marco hist\u00f3rico, representa mais um degrau no nosso crescimento enquanto organiza\u00e7\u00e3o, pois para al\u00e9m da certifica\u00e7\u00e3o profissional emitida pela DGERT, os nossos instrutores passam tamb\u00e9m a ser certificados pelo instituto Wingate de Israel.<\/p>\n<p>Deixamos aqui,<strong> simbolicamente<\/strong>, alguns dos primeiros certificados emitidos para instrutores da IKM-Portugal.<\/p>\n<p>&nbsp;<\/p>\n<table style=\"margin-left: auto; margin-right: auto;\" border=\"0\" cellpadding=\"2\">\n<tbody>\n<tr>\n<td><a href=\"http:\/\/www.ikm-portugal.com\/wp\/wp-content\/uploads\/2016\/08\/wingate-moises.jpg\"><img loading=\"lazy\" decoding=\"async\" class=\"alignnone size-medium wp-image-846\" src=\"http:\/\/www.ikm-portugal.com\/wp\/wp-content\/uploads\/2016\/08\/wingate-moises-300x225.jpg\" alt=\"wingate moises\" width=\"300\" height=\"225\" srcset=\"http:\/\/www.ikm-portugal.com\/wp\/wp-content\/uploads\/2016\/08\/wingate-moises-300x225.jpg 300w, http:\/\/www.ikm-portugal.com\/wp\/wp-content\/uploads\/2016\/08\/wingate-moises-768x576.jpg 768w, http:\/\/www.ikm-portugal.com\/wp\/wp-content\/uploads\/2016\/08\/wingate-moises-150x113.jpg 150w, http:\/\/www.ikm-portugal.com\/wp\/wp-content\/uploads\/2016\/08\/wingate-moises-500x375.jpg 500w, http:\/\/www.ikm-portugal.com\/wp\/wp-content\/uploads\/2016\/08\/wingate-moises.jpg 960w\" sizes=\"auto, (max-width: 300px) 100vw, 300px\" \/><\/a><\/td>\n<td><a href=\"http:\/\/www.ikm-portugal.com\/wp\/wp-content\/uploads\/2016\/08\/wingate-rute.jpg\"><img loading=\"lazy\" decoding=\"async\" class=\"alignnone size-medium wp-image-843\" src=\"http:\/\/www.ikm-portugal.com\/wp\/wp-content\/uploads\/2016\/08\/wingate-rute-300x225.jpg\" alt=\"wingate rute\" width=\"300\" height=\"225\" srcset=\"http:\/\/www.ikm-portugal.com\/wp\/wp-content\/uploads\/2016\/08\/wingate-rute-300x225.jpg 300w, http:\/\/www.ikm-portugal.com\/wp\/wp-content\/uploads\/2016\/08\/wingate-rute-768x576.jpg 768w, http:\/\/www.ikm-portugal.com\/wp\/wp-content\/uploads\/2016\/08\/wingate-rute-150x113.jpg 150w, http:\/\/www.ikm-portugal.com\/wp\/wp-content\/uploads\/2016\/08\/wingate-rute-500x375.jpg 500w, http:\/\/www.ikm-portugal.com\/wp\/wp-content\/uploads\/2016\/08\/wingate-rute.jpg 960w\" sizes=\"auto, (max-width: 300px) 100vw, 300px\" \/><\/a><\/td>\n<td><a href=\"http:\/\/www.ikm-portugal.com\/wp\/wp-content\/uploads\/2016\/08\/wingate-andre.jpg\"><img loading=\"lazy\" decoding=\"async\" class=\"alignnone size-medium wp-image-845\" src=\"http:\/\/www.ikm-portugal.com\/wp\/wp-content\/uploads\/2016\/08\/wingate-andre-300x225.jpg\" alt=\"wingate andre\" width=\"300\" height=\"225\" srcset=\"http:\/\/www.ikm-portugal.com\/wp\/wp-content\/uploads\/2016\/08\/wingate-andre-300x225.jpg 300w, http:\/\/www.ikm-portugal.com\/wp\/wp-content\/uploads\/2016\/08\/wingate-andre-768x576.jpg 768w, http:\/\/www.ikm-portugal.com\/wp\/wp-content\/uploads\/2016\/08\/wingate-andre-150x113.jpg 150w, http:\/\/www.ikm-portugal.com\/wp\/wp-content\/uploads\/2016\/08\/wingate-andre-500x375.jpg 500w, http:\/\/www.ikm-portugal.com\/wp\/wp-content\/uploads\/2016\/08\/wingate-andre.jpg 960w\" sizes=\"auto, (max-width: 300px) 100vw, 300px\" \/><\/a><\/td>\n<td><a href=\"http:\/\/www.ikm-portugal.com\/wp\/wp-content\/uploads\/2016\/08\/wingate-tiago.jpg\"><img loading=\"lazy\" decoding=\"async\" class=\"alignnone size-medium wp-image-844\" src=\"http:\/\/www.ikm-portugal.com\/wp\/wp-content\/uploads\/2016\/08\/wingate-tiago-300x225.jpg\" alt=\"wingate tiago\" width=\"300\" height=\"225\" srcset=\"http:\/\/www.ikm-portugal.com\/wp\/wp-content\/uploads\/2016\/08\/wingate-tiago-300x225.jpg 300w, http:\/\/www.ikm-portugal.com\/wp\/wp-content\/uploads\/2016\/08\/wingate-tiago-768x576.jpg 768w, http:\/\/www.ikm-portugal.com\/wp\/wp-content\/uploads\/2016\/08\/wingate-tiago-150x113.jpg 150w, http:\/\/www.ikm-portugal.com\/wp\/wp-content\/uploads\/2016\/08\/wingate-tiago-500x375.jpg 500w, http:\/\/www.ikm-portugal.com\/wp\/wp-content\/uploads\/2016\/08\/wingate-tiago.jpg 960w\" sizes=\"auto, (max-width: 300px) 100vw, 300px\" \/><\/a><\/td>\n<\/tr>\n<\/tbody>\n<\/table>\n","protected":false},"excerpt":{"rendered":"<p>IKM RECONHECIDA PELO INSTITUTO WINGATE Um marco hist\u00f3rico para a Gabi Noah Internacional Krav Maga (IKM). Pela primeira vez na hist\u00f3ria do Instituto Wingate de Israel, a entidade governamental que regulamenta, ensina e fiscaliza todos os assuntos relacionados com desporto e actividade fisica em Israel, uma organiza\u00e7\u00e3o de Krav Maga foi reconhecida pelos seus altos [&hellip;]<\/p>\n","protected":false},"author":4,"featured_media":0,"parent":0,"menu_order":0,"comment_status":"closed","ping_status":"closed","template":"","meta":{"footnotes":""},"class_list":["post-835","page","type-page","status-publish","hentry"],"_links":{"self":[{"href":"http:\/\/www.ikm-portugal.com\/wp\/index.php?rest_route=\/wp\/v2\/pages\/835","targetHints":{"allow":["GET"]}}],"collection":[{"href":"http:\/\/www.ikm-portugal.com\/wp\/index.php?rest_route=\/wp\/v2\/pages"}],"about":[{"href":"http:\/\/www.ikm-portugal.com\/wp\/index.php?rest_route=\/wp\/v2\/types\/page"}],"author":[{"embeddable":true,"href":"http:\/\/www.ikm-portugal.com\/wp\/index.php?rest_route=\/wp\/v2\/users\/4"}],"replies":[{"embeddable":true,"href":"http:\/\/www.ikm-portugal.com\/wp\/index.php?rest_route=%2Fwp%2Fv2%2Fcomments&post=835"}],"version-history":[{"count":7,"href":"http:\/\/www.ikm-portugal.com\/wp\/index.php?rest_route=\/wp\/v2\/pages\/835\/revisions"}],"predecessor-version":[{"id":847,"href":"http:\/\/www.ikm-portugal.com\/wp\/index.php?rest_route=\/wp\/v2\/pages\/835\/revisions\/847"}],"wp:attachment":[{"href":"http:\/\/www.ikm-portugal.com\/wp\/index.php?rest_route=%2Fwp%2Fv2%2Fmedia&parent=835"}],"curies":[{"name":"wp","href":"https:\/\/api.w.org\/{rel}","templated":true}]}}