{"id":7,"date":"2014-08-22T14:50:44","date_gmt":"2014-08-22T14:50:44","guid":{"rendered":"http:\/\/localhost:88\/ikmptwp\/?page_id=7"},"modified":"2017-01-09T11:41:41","modified_gmt":"2017-01-09T11:41:41","slug":"imi-lichtenfeld-sde-or","status":"publish","type":"page","link":"http:\/\/www.ikm-portugal.com\/wp\/?page_id=7","title":{"rendered":"Imi Lichtenfeld (Sde-Or)"},"content":{"rendered":"<h2>IMI LICHTENFELD (SDE-OR)<\/h2>\n<h4 class=\"pageSection\">Origem<\/h4>\n<p><img loading=\"lazy\" decoding=\"async\" class=\"imageFramed pull-left alignnone wp-image-959 size-medium\" src=\"http:\/\/www.ikm-portugal.com\/wp\/wp-content\/uploads\/2017\/01\/imi2-206x300.jpg\" alt=\"imi2\" width=\"206\" height=\"300\" srcset=\"http:\/\/www.ikm-portugal.com\/wp\/wp-content\/uploads\/2017\/01\/imi2-206x300.jpg 206w, http:\/\/www.ikm-portugal.com\/wp\/wp-content\/uploads\/2017\/01\/imi2-150x218.jpg 150w, http:\/\/www.ikm-portugal.com\/wp\/wp-content\/uploads\/2017\/01\/imi2.jpg 273w\" sizes=\"auto, (max-width: 206px) 100vw, 206px\" \/><\/p>\n<p>Nascido em 1910, Imi Lichtenfeld foi criado e educado na Bratislava, na antiga Checoslov\u00e1quia. Era um jovem de natureza atl\u00e9tica e practicou gin\u00e1stica, boxe e lutas durante a sua juventude, desportos onde ganhou alguns campeonatos, tanto a n\u00edvel nacional, como internacional.<\/p>\n<p>Seu pai era oficial da pol\u00edcia e instrutor de defesa-pessoal, e foi com ele que Imi aprendeu parte das t\u00e9cnicas e t\u00e1cticas de combate que mais tarde viria a introduzir no sistema de Krav Maga.<\/p>\n<p>Durante os anos 30, Imi viu-se obrigado a usar os seus conhecimentos de luta, nas ruas de Bratislava, para se proteger a si e aos outros judeus, perseguidos pelos grupos de jovens anti-semitas. Estes repetidos conflitos serviram-lhe para avaliar as diferen\u00e7as entre as lutas de rua e os desportos de combate, cuja experi\u00eancia tamb\u00e9m havia adquirido.<br \/>\nFoi nesta altura que come\u00e7ou a desenvolver os primeiros princ\u00edpios do Krav Maga<\/p>\n<p>Depois de alguns anos a fugir das persegui\u00e7\u00f5es xen\u00f3fobas, Imi chegou a Israel.<\/p>\n<h4 class=\"pageSection clearBoth\">O desenvolvimento do Krav Maga<\/h4>\n<p><img loading=\"lazy\" decoding=\"async\" class=\"imageFramed pull-right alignnone wp-image-960 size-full\" src=\"http:\/\/www.ikm-portugal.com\/wp\/wp-content\/uploads\/2017\/01\/imi3.jpg\" alt=\"imi3\" width=\"194\" height=\"259\" srcset=\"http:\/\/www.ikm-portugal.com\/wp\/wp-content\/uploads\/2017\/01\/imi3.jpg 194w, http:\/\/www.ikm-portugal.com\/wp\/wp-content\/uploads\/2017\/01\/imi3-150x200.jpg 150w\" sizes=\"auto, (max-width: 194px) 100vw, 194px\" \/><\/p>\n<p>Alistou-se na &#8220;Haganah&#8221;, uma organiza\u00e7\u00e3o paramilitar judaica, ao servi\u00e7o da qual lutou pela independ\u00eancia de Israel, na &#8220;Guerra da Independ\u00eancia&#8221;.<br \/>\nDurante o seu servi\u00e7o nesta organiza\u00e7\u00e3o, Imi revelou um grande talento como lutador e instrutor, aproveitando para ensinar aos seus companheiros, t\u00e9cnicas b\u00e1sicas de combate e de defesa-pessoal. Ap\u00f3s a forma\u00e7\u00e3o do Estado de Israel, o governo encarregou Imi de desenvolver um sistema efectivo de combate e de defesa-pessoal.<\/p>\n<p>Imi passou a ser o Instrutor Chefe na Escola Militar em Educa\u00e7\u00e3o F\u00edsica e Krav Maga. Nos anos em que serviu no Exercito Israelita, Imi desenvolveu e aperfei\u00e7oou o seu sistema de defesa-pessoal e combate corpo-a-corpo. Ap\u00f3s a sua retirada do servi\u00e7o militar dedicou-se a adaptar o Krav Maga \u00e0 vida civil, para poder dar resposta \u00e0s necessidades dos homens, mulheres e crian\u00e7as que lidavam di\u00e1riamente com situa\u00e7\u00f5es de viol\u00eancia.<\/p>\n<p>A partir de 1964 o Krav Maga foi aberto aos civis e as suas t\u00e9cnicas espalharam-se rapidamente pela popula\u00e7\u00e3o israelita.<br \/>\nO sistema de Krav Maga \u00e9 baseado em valores morais e humanos, enfatizando a integridade f\u00edsica, a n\u00e3o viol\u00eancia e a conduta humilde. Estes princ\u00edpios foram e continuam a ser o guia dos praticantes de Krav Maga.<\/p>\n","protected":false},"excerpt":{"rendered":"<p>IMI LICHTENFELD (SDE-OR) Origem Nascido em 1910, Imi Lichtenfeld foi criado e educado na Bratislava, na antiga Checoslov\u00e1quia. Era um jovem de natureza atl\u00e9tica e practicou gin\u00e1stica, boxe e lutas durante a sua juventude, desportos onde ganhou alguns campeonatos, tanto a n\u00edvel nacional, como internacional. Seu pai era oficial da pol\u00edcia e instrutor de defesa-pessoal, [&hellip;]<\/p>\n","protected":false},"author":4,"featured_media":0,"parent":0,"menu_order":0,"comment_status":"open","ping_status":"open","template":"","meta":{"footnotes":""},"class_list":["post-7","page","type-page","status-publish","hentry"],"_links":{"self":[{"href":"http:\/\/www.ikm-portugal.com\/wp\/index.php?rest_route=\/wp\/v2\/pages\/7","targetHints":{"allow":["GET"]}}],"collection":[{"href":"http:\/\/www.ikm-portugal.com\/wp\/index.php?rest_route=\/wp\/v2\/pages"}],"about":[{"href":"http:\/\/www.ikm-portugal.com\/wp\/index.php?rest_route=\/wp\/v2\/types\/page"}],"author":[{"embeddable":true,"href":"http:\/\/www.ikm-portugal.com\/wp\/index.php?rest_route=\/wp\/v2\/users\/4"}],"replies":[{"embeddable":true,"href":"http:\/\/www.ikm-portugal.com\/wp\/index.php?rest_route=%2Fwp%2Fv2%2Fcomments&post=7"}],"version-history":[{"count":19,"href":"http:\/\/www.ikm-portugal.com\/wp\/index.php?rest_route=\/wp\/v2\/pages\/7\/revisions"}],"predecessor-version":[{"id":963,"href":"http:\/\/www.ikm-portugal.com\/wp\/index.php?rest_route=\/wp\/v2\/pages\/7\/revisions\/963"}],"wp:attachment":[{"href":"http:\/\/www.ikm-portugal.com\/wp\/index.php?rest_route=%2Fwp%2Fv2%2Fmedia&parent=7"}],"curies":[{"name":"wp","href":"https:\/\/api.w.org\/{rel}","templated":true}]}}