{"id":560,"date":"2015-07-06T15:06:11","date_gmt":"2015-07-06T15:06:11","guid":{"rendered":"http:\/\/localhost:81\/ikmptwp\/?page_id=560"},"modified":"2018-01-30T15:46:20","modified_gmt":"2018-01-30T15:46:20","slug":"parcerias","status":"publish","type":"page","link":"http:\/\/www.ikm-portugal.com\/wp\/?page_id=560","title":{"rendered":"Parcerias"},"content":{"rendered":"<div id=\"wp-sponsors\" class=\"clearfix grid\"><div class=\"sponsor-item medium\"><a href=http:\/\/www.marcialartsport.pt\/ target=\"_blank\" rel=\"nofollow\"><img loading=\"lazy\" decoding=\"async\" width=\"211\" height=\"148\" src=\"http:\/\/www.ikm-portugal.com\/wp\/wp-content\/uploads\/2014\/11\/mas.png\" class=\"attachment-medium size-medium wp-post-image\" alt=\"\" \/><\/a><p><\/a><\/p>\n<p><strong>Desconto direto em todos os produtos<\/strong><\/p>\n<p>Para todos os membros da IKM-Portugal, com passaporte v\u00e1lido e actualizado.<\/p>\n<p>Necess\u00e1rio apresentar o passaporte durante o ato de compra.<\/p>\n<\/div><div class=\"sponsor-item medium\"><a href=http:\/\/www.ttrw.pt target=\"_blank\" rel=\"nofollow\"><img loading=\"lazy\" decoding=\"async\" width=\"300\" height=\"84\" src=\"http:\/\/www.ikm-portugal.com\/wp\/wp-content\/uploads\/2015\/10\/ttrw-300x84.png\" class=\"attachment-medium size-medium wp-post-image\" alt=\"\" srcset=\"http:\/\/www.ikm-portugal.com\/wp\/wp-content\/uploads\/2015\/10\/ttrw-300x84.png 300w, http:\/\/www.ikm-portugal.com\/wp\/wp-content\/uploads\/2015\/10\/ttrw-150x42.png 150w, http:\/\/www.ikm-portugal.com\/wp\/wp-content\/uploads\/2015\/10\/ttrw-e1445882599858.png 211w\" sizes=\"auto, (max-width: 300px) 100vw, 300px\" \/><\/a><p><\/a><\/p>\n<ul>\n<li>10% de desconto nos servi\u00e7os Care&amp;Repair (Telem\u00f3veis; Smartphones; Port\u00e1teis; Consolas; Desktop\u00b4s, etc)<\/li>\n<li>10% de desconto na compra de consum\u00edveis inform\u00e1ticos compat\u00edveis e reutilizados<\/li>\n<li>5% de desconto na compra de equipamento Yezz, 2% nas restantes marcas<\/li>\n<li>10% de desconto na compra de acess\u00f3rios de todas as marcas<\/li>\n<li>10% de desconto em servi\u00e7os empresariais<\/li>\n<\/ul>\n<p>Aten\u00e7\u00e3o, todas estas promo\u00e7\u00f5es, s\u00e3o acumul\u00e1veis com outras promo\u00e7\u00f5es que possam estar a existir nas lojas TTRW.<\/p>\n<p>Para melhor conhecerem este nosso novo parceiro, podem consultar o <a href=\"http:\/\/www.ttrw.pt\" target=\"_blank\" rel=\"noopener\">site<\/a> ou a pagina <a href=\"%20https:\/www.facebook.com\/ttrworld\" target=\"_blank\" rel=\"noopener\">facebook<\/a>.<\/p>\n<\/div><\/div>\n","protected":false},"excerpt":{"rendered":"","protected":false},"author":4,"featured_media":0,"parent":0,"menu_order":0,"comment_status":"closed","ping_status":"closed","template":"","meta":{"footnotes":""},"class_list":["post-560","page","type-page","status-publish","hentry"],"_links":{"self":[{"href":"http:\/\/www.ikm-portugal.com\/wp\/index.php?rest_route=\/wp\/v2\/pages\/560","targetHints":{"allow":["GET"]}}],"collection":[{"href":"http:\/\/www.ikm-portugal.com\/wp\/index.php?rest_route=\/wp\/v2\/pages"}],"about":[{"href":"http:\/\/www.ikm-portugal.com\/wp\/index.php?rest_route=\/wp\/v2\/types\/page"}],"author":[{"embeddable":true,"href":"http:\/\/www.ikm-portugal.com\/wp\/index.php?rest_route=\/wp\/v2\/users\/4"}],"replies":[{"embeddable":true,"href":"http:\/\/www.ikm-portugal.com\/wp\/index.php?rest_route=%2Fwp%2Fv2%2Fcomments&post=560"}],"version-history":[{"count":43,"href":"http:\/\/www.ikm-portugal.com\/wp\/index.php?rest_route=\/wp\/v2\/pages\/560\/revisions"}],"predecessor-version":[{"id":1016,"href":"http:\/\/www.ikm-portugal.com\/wp\/index.php?rest_route=\/wp\/v2\/pages\/560\/revisions\/1016"}],"wp:attachment":[{"href":"http:\/\/www.ikm-portugal.com\/wp\/index.php?rest_route=%2Fwp%2Fv2%2Fmedia&parent=560"}],"curies":[{"name":"wp","href":"https:\/\/api.w.org\/{rel}","templated":true}]}}