{"id":51,"date":"2014-08-22T16:14:37","date_gmt":"2014-08-22T16:14:37","guid":{"rendered":"http:\/\/localhost:88\/ikmptwp\/?page_id=51"},"modified":"2023-02-06T20:16:21","modified_gmt":"2023-02-06T20:16:21","slug":"instructores","status":"publish","type":"page","link":"http:\/\/www.ikm-portugal.com\/wp\/?page_id=51","title":{"rendered":"Instrutores"},"content":{"rendered":"<h2>\u00a0Instrutores IKM Portugal<\/h2>\n<p><!--\n\n\n<tr class=\"ikm_row_black\">\n\n\n<td colspan=\"1\">Expert 3<\/td>\n\n\n<\/tr>\n\n\n\n\n<tr>\n\n\n<td colspan=\"2\">[meet-my-team cols=\"3\" show_groups=\"Expert 3\"]<\/td>\n\n\n<\/tr>\n\n\n--><\/p>\n<p><!--\n\n\n<tr class=\"ikm_row_black\">\n\n\n<td colspan=\"1\">Graduate 4<\/td>\n\n\n<\/tr>\n\n\n\n\n<tr>\n\n\n<td colspan=\"2\">[meet-my-team cols=\"3\" show_groups=\"Graduate 4\"]<\/td>\n\n\n<\/tr>\n\n\n--><\/p>\n<p><!--\n\n\n<tr class=\"ikm_row_black\">\n\n\n<td colspan=\"1\">Graduate 4<\/td>\n\n\n<\/tr>\n\n\n\n\n<tr>\n\n\n<td colspan=\"2\">[meet-my-team cols=\"3\" show_groups=\"Graduate 4\"]<\/td>\n\n\n<\/tr>\n\n\n--><\/p>\n<p><!--\n\n\n<tr class=\"ikm_row_black\">\n\n\n<td colspan=\"1\">Graduate 1<\/td>\n\n\n<\/tr>\n\n\n\n\n<tr>\n\n\n<td colspan=\"2\">[meet-my-team cols=\"3\" show_groups=\"Graduate 1\"]<\/td>\n\n\n<\/tr>\n\n\n--><\/p>\n<table class=\"table\">\n<tbody><!--\n\n\n<tr class=\"ikm_row_black\">\n\n\n<td colspan=\"1\">Direc\u00e7\u00e3o IKM<\/td>\n\n\n<\/tr>\n\n\n\n\n<tr>\n\n\n<td colspan=\"2\">[meet-my-team cols=\"3\" show_groups=\"Direc\u00e7\u00e3o IKM Portugal\"]<\/td>\n\n\n<\/tr>\n\n\n--><\/p>\n<tr class=\"ikm_row_black\">\n<td colspan=\"1\">Master 1<\/td>\n<\/tr>\n<tr>\n<td colspan=\"2\"><div \n\t\t\t\t\t\tdata-debug='false'\n\t\t\t\t\t\tdata-align='center' \n\t\t\t\t\t\tdata-enable-modal = 'true' \n\t\t\t\t\t\tclass='mmt_container ' id='mmt69ea14678bceb'><div class=\"mmt_row row-fluid\">\t<div id=\"mmt_member_138\" class=\"reveal-modal\" data_modal_centering=\"false\"><div class=\"mmt_bio_picture\"><img decoding=\"async\" src=\"http:\/\/www.ikm-portugal.com\/wp\/wp-content\/uploads\/2019\/05\/Moises2019.jpg\"><\/div><h4>Mois\u00e9s Frutuoso<\/h4>\n\t\t\t\t\t\t<h6>Instrutor-Chefe IKM Internacional e Diretor IKM Portugal<\/h6><a href=\"mailto:moiseskmfrutuoso@gmail.com\" target=\"_blank\">moiseskmfrutuoso@gmail.com<\/a><div><p class=\"mmt_phoneNr\">911 518 262<\/p>\n<table class=\"specTable\">\n<tbody>\n<tr>\n<td class=\"ikm_row_black\" colspan=\"3\">Especialidades<\/td>\n<\/tr>\n<tr>\n<td>\u2713 Seguran\u00e7a<\/td>\n<td>\u2713 Policial<\/td>\n<td>\u2713 Militar<\/td>\n<\/tr>\n<tr>\n<td>\u2713 VIP<\/td>\n<td>\u2713 Senhoras<\/td>\n<td>\u2713 Crian\u00e7as<\/td>\n<\/tr>\n<\/tbody>\n<\/table>\n<h4>Outras Informa\u00e7\u00f5es<\/h4>\n<ul>\n<li>Formador com C\u00e9dula de Aptid\u00e3o Profissional n\u00ba 536486\/210 DL (CAP) desde 09 de Junho 2010<\/li>\n<li>Socorrista desde 15 de Abril de 2006<\/li>\n<li>Instrutor de Cardeo Fitness e Muscula\u00e7\u00e3o desde 30 de Novembro de 2007<\/li>\n<li>C\u00e9dula PROCAFD desde 18 de Mar\u00e7o de 2010<\/li>\n<li>Para-quedista Militar desde Setembro 1996<\/li>\n<li>Presidente, Formador e Gestor de Forma\u00e7\u00e3o da APRENDER COMPENSA \u2013 ASSOCIA\u00c7\u00c3O DE DEFESA PESSOAL E TACTICAS DE COMBATE, Entidade Formadora certificada pela Direc\u00e7\u00e3o Geral do Emprego e Rela\u00e7\u00f5es do Trabalho (DGERT) desde 15 de Outubro de 2010<\/li>\n<\/ul>\n<\/div>\t\t<a class=\"close-reveal-modal\">&#215;<\/a>\n\t\t\t\t\t<\/div><div data-reveal-id=\"mmt_member_138\" class=\"mmt col-mmt-4\"><div class=\"mmt_member_img\"><img decoding=\"async\" src=\"http:\/\/www.ikm-portugal.com\/wp\/wp-content\/uploads\/2019\/05\/Moises2019.jpg\" alt=\"Mois\u00e9s Frutuoso\" ><\/div><h4>Mois\u00e9s Frutuoso<\/h3><h6>Instrutor-Chefe IKM Internacional e Diretor IKM Portugal<\/h4><\/div><\/div><\/td>\n<\/tr>\n<tr class=\"ikm_row_black\">\n<td colspan=\"1\">Expert 3<\/td>\n<\/tr>\n<tr>\n<td colspan=\"2\"><div \n\t\t\t\t\t\tdata-debug='false'\n\t\t\t\t\t\tdata-align='center' \n\t\t\t\t\t\tdata-enable-modal = 'true' \n\t\t\t\t\t\tclass='mmt_container ' id='mmt69ea14678cfbd'><div class=\"mmt_row row-fluid\">\t<div id=\"mmt_member_135\" class=\"reveal-modal\" data_modal_centering=\"false\"><div class=\"mmt_bio_picture\"><img decoding=\"async\" src=\"http:\/\/ikm-portugal.com\/wp\/wp-content\/uploads\/2014\/11\/tiago-silva-e1449957988986.png\"><\/div><h4>Tiago Silva<\/h4>\n\t\t\t\t\t\t<h6><\/h6><a href=\"mailto:taskravmaga@gmail.com\" target=\"_blank\">taskravmaga@gmail.com<\/a><div><p class=\"mmt_phoneNr\">917759759<\/p>\n<table class=\"specTable\">\n<tbody>\n<tr>\n<td class=\"ikm_row_black\" colspan=\"3\">Especialidades<\/td>\n<\/tr>\n<tr>\n<td>\u2713 Seguran\u00e7a<\/td>\n<td>\u2713 Policial<\/td>\n<td>\u2713 Militar<\/td>\n<\/tr>\n<tr>\n<td class=\"invisible\">VIP<\/td>\n<td>\u2713 Senhoras<\/td>\n<td>\u2713 Crian\u00e7as<\/td>\n<\/tr>\n<\/tbody>\n<\/table>\n<h4>Outras Informa\u00e7\u00f5es<\/h4>\n<ul>\n<li>Sem mais informa\u00e7\u00f5es&#8230;<\/li>\n<\/ul>\n<\/div>\t\t<a class=\"close-reveal-modal\">&#215;<\/a>\n\t\t\t\t\t<\/div><div data-reveal-id=\"mmt_member_135\" class=\"mmt col-mmt-4\"><div class=\"mmt_member_img\"><img decoding=\"async\" src=\"http:\/\/ikm-portugal.com\/wp\/wp-content\/uploads\/2014\/11\/tiago-silva-e1449957988986.png\" alt=\"Tiago Silva\" ><\/div><h4>Tiago Silva<\/h3><h6><\/h4><\/div><\/div><\/td>\n<\/tr>\n<tr class=\"ikm_row_black\">\n<td colspan=\"1\">Expert 2<\/td>\n<\/tr>\n<tr>\n<td colspan=\"2\"><div \n\t\t\t\t\t\tdata-debug='false'\n\t\t\t\t\t\tdata-align='center' \n\t\t\t\t\t\tdata-enable-modal = 'true' \n\t\t\t\t\t\tclass='mmt_container ' id='mmt69ea14678dbf3'><div class=\"mmt_row row-fluid\">\t<div id=\"mmt_member_134\" class=\"reveal-modal\" data_modal_centering=\"false\"><div class=\"mmt_bio_picture\"><img decoding=\"async\" src=\"http:\/\/ikm-portugal.com\/wp\/wp-content\/uploads\/2014\/08\/Ana_site1.jpg\"><\/div><h4>Ana Cardoso<\/h4>\n\t\t\t\t\t\t<h6><\/h6><a href=\"mailto:atcas.ikm@gmail.com\" target=\"_blank\">atcas.ikm@gmail.com<\/a><div><p class=\"mmt_phoneNr\">919501951<\/p>\n<table class=\"specTable\">\n<tbody>\n<tr>\n<td class=\"ikm_row_black\" colspan=\"3\">Especialidades<\/td>\n<\/tr>\n<tr>\n<td class=\"invisible\">\u2713 Seguran\u00e7a<\/td>\n<td>\u2713 Policial<\/td>\n<td>\u2713 Militar<\/td>\n<\/tr>\n<tr>\n<td class=\"invisible\">VIP<\/td>\n<td>\u2713 Senhoras<\/td>\n<td>\u2713 Crian\u00e7as<\/td>\n<\/tr>\n<\/tbody>\n<\/table>\n<h4>Outras Informa\u00e7\u00f5es<\/h4>\n<ul>\n<li>Sem mais informa\u00e7\u00f5es&#8230;<\/li>\n<\/ul>\n<\/div>\t\t<a class=\"close-reveal-modal\">&#215;<\/a>\n\t\t\t\t\t<\/div><div data-reveal-id=\"mmt_member_134\" class=\"mmt col-mmt-4\"><div class=\"mmt_member_img\"><img decoding=\"async\" src=\"http:\/\/ikm-portugal.com\/wp\/wp-content\/uploads\/2014\/08\/Ana_site1.jpg\" alt=\"Ana Cardoso\" ><\/div><h4>Ana Cardoso<\/h3><h6><\/h4><\/div><\/div><\/td>\n<\/tr>\n<tr class=\"ikm_row_black\">\n<td colspan=\"1\">Expert 1<\/td>\n<\/tr>\n<tr>\n<td colspan=\"2\"><div \n\t\t\t\t\t\tdata-debug='false'\n\t\t\t\t\t\tdata-align='center' \n\t\t\t\t\t\tdata-enable-modal = 'true' \n\t\t\t\t\t\tclass='mmt_container ' id='mmt69ea14678e724'><div class=\"mmt_row row-fluid\">\t<div id=\"mmt_member_328\" class=\"reveal-modal\" data_modal_centering=\"false\"><div class=\"mmt_bio_picture\"><img decoding=\"async\" src=\"http:\/\/ikm-portugal.com\/wp\/wp-content\/uploads\/2014\/08\/1351559769Nelsongrulha1.jpg\"><\/div><h4>Nelson Grulha<\/h4>\n\t\t\t\t\t\t<h6><\/h6><a href=\"mailto:ngrulha@hotmail.com\" target=\"_blank\">ngrulha@hotmail.com<\/a><div><p class=\"mmt_phoneNr\">935133024<\/p>\n<table class=\"specTable\">\n<tbody>\n<tr>\n<td colspan=\"3\" class=\"ikm_row_black\">Especialidades<\/td>\n<\/tr>\n<tr>\n<td class=\"invisible\"> Seguran\u00e7a<\/td>\n<td>\u2713 Policial<\/td>\n<td>\u2713 Militar<\/td>\n<\/tr>\n<tr>\n<td class=\"invisible\"> VIP<\/td>\n<td class=\"invisible\"> Senhoras<\/td>\n<td class=\"invisible\"> Crian\u00e7as<\/td>\n<\/tr>\n<\/tbody>\n<\/table>\n<p style=\"clear: both\">\n<h4>Outras Informa\u00e7\u00f5es<\/h4>\n<ul>\n<li>Sem mais informa\u00e7\u00f5es&#8230;<\/li>\n<\/ul>\n<\/div>\t\t<a class=\"close-reveal-modal\">&#215;<\/a>\n\t\t\t\t\t<\/div><div data-reveal-id=\"mmt_member_328\" class=\"mmt col-mmt-4\"><div class=\"mmt_member_img\"><img decoding=\"async\" src=\"http:\/\/ikm-portugal.com\/wp\/wp-content\/uploads\/2014\/08\/1351559769Nelsongrulha1.jpg\" alt=\"Nelson Grulha\" ><\/div><h4>Nelson Grulha<\/h3><h6><\/h4><\/div>\t<div id=\"mmt_member_330\" class=\"reveal-modal\" data_modal_centering=\"false\"><div class=\"mmt_bio_picture\"><img decoding=\"async\" src=\"http:\/\/www.ikm-portugal.com\/wp\/wp-content\/uploads\/2016\/08\/Rute-1.jpg\"><\/div><h4>Rute Gouveia<\/h4>\n\t\t\t\t\t\t<h6><\/h6><a href=\"mailto:rute.gouveia@ikm-portugal.com\" target=\"_blank\">rute.gouveia@ikm-portugal.com<\/a><div><p class=\"mmt_phoneNr\">911 518 262<\/p>\n<table class=\"specTable\">\n<tbody>\n<tr>\n<td class=\"ikm_row_black\" colspan=\"3\">Especialidades<\/td>\n<\/tr>\n<tr>\n<td class=\"invisible\">Seguran\u00e7a<\/td>\n<td class=\"invisible\">Policial<\/td>\n<td>\u2713 Militar<\/td>\n<\/tr>\n<tr>\n<td class=\"invisible\">VIP<\/td>\n<td>\u2713 Senhoras<\/td>\n<td>\u2713 Crian\u00e7as<\/td>\n<\/tr>\n<\/tbody>\n<\/table>\n<h4>Outras Informa\u00e7\u00f5es<\/h4>\n<ul>\n<li>Sem mais informa\u00e7\u00f5es&#8230;<\/li>\n<\/ul>\n<\/div>\t\t<a class=\"close-reveal-modal\">&#215;<\/a>\n\t\t\t\t\t<\/div><div data-reveal-id=\"mmt_member_330\" class=\"mmt col-mmt-4\"><div class=\"mmt_member_img\"><img decoding=\"async\" src=\"http:\/\/www.ikm-portugal.com\/wp\/wp-content\/uploads\/2016\/08\/Rute-1.jpg\" alt=\"Rute Gouveia\" ><\/div><h4>Rute Gouveia<\/h3><h6><\/h4><\/div><\/div><\/td>\n<\/tr>\n<tr class=\"ikm_row_black\">\n<td colspan=\"1\">Graduate 5<\/td>\n<\/tr>\n<tr>\n<td colspan=\"2\"><div \n\t\t\t\t\t\tdata-debug='false'\n\t\t\t\t\t\tdata-align='center' \n\t\t\t\t\t\tdata-enable-modal = 'true' \n\t\t\t\t\t\tclass='mmt_container ' id='mmt69ea14678f5e9'><div class=\"mmt_row row-fluid\">\t<div id=\"mmt_member_329\" class=\"reveal-modal\" data_modal_centering=\"false\"><div class=\"mmt_bio_picture\"><img decoding=\"async\" src=\"http:\/\/ikm-portugal.com\/wp\/wp-content\/uploads\/2014\/08\/1377168984RuiAntunes1.jpg\"><\/div><h4>Rui Antunes<\/h4>\n\t\t\t\t\t\t<h6><\/h6><a href=\"mailto:kravmagalisboa@gmail.com\" target=\"_blank\">kravmagalisboa@gmail.com<\/a><div><p class=\"mmt_phoneNr\">968366616<\/p>\n<table class=\"specTable\">\n<tbody>\n<tr>\n<td colspan=\"3\" class=\"ikm_row_black\">Especialidades<\/td>\n<\/tr>\n<tr>\n<td class=\"invisible\"> Seguran\u00e7a<\/td>\n<td class=\"invisible\"> Policial<\/td>\n<td class=\"invisible\"> Militar<\/td>\n<\/tr>\n<tr>\n<td class=\"invisible\"> VIP<\/td>\n<td class=\"invisible\"> Senhoras<\/td>\n<td>\u2713 Crian\u00e7as<\/td>\n<\/tr>\n<\/tbody>\n<\/table>\n<p style=\"clear: both\">\n<h4>Outras Informa\u00e7\u00f5es<\/h4>\n<ul>\n<li>Sem mais informa\u00e7\u00f5es&#8230;<\/li>\n<\/ul>\n<\/div>\t\t<a class=\"close-reveal-modal\">&#215;<\/a>\n\t\t\t\t\t<\/div><div data-reveal-id=\"mmt_member_329\" class=\"mmt col-mmt-4\"><div class=\"mmt_member_img\"><img decoding=\"async\" src=\"http:\/\/ikm-portugal.com\/wp\/wp-content\/uploads\/2014\/08\/1377168984RuiAntunes1.jpg\" alt=\"Rui Antunes\" ><\/div><h4>Rui Antunes<\/h3><h6><\/h4><\/div>\t<div id=\"mmt_member_344\" class=\"reveal-modal\" data_modal_centering=\"false\"><div class=\"mmt_bio_picture\"><img decoding=\"async\" src=\"http:\/\/ikm-portugal.com\/wp\/wp-content\/uploads\/2014\/08\/1357603679mark_207x2301.jpg\"><\/div><h4>Mark Coimbra<\/h4>\n\t\t\t\t\t\t<h6><\/h6><a href=\"mailto:marklopescoimbra@gmail.com\" target=\"_blank\">marklopescoimbra@gmail.com<\/a><div><p class=\"mmt_phoneNr\">964462281<\/p>\n<table class=\"specTable\">\n<tbody>\n<tr>\n<td colspan=\"3\" class=\"ikm_row_black\">Especialidades<\/td>\n<\/tr>\n<tr>\n<td class=\"invisible\"> Seguran\u00e7a<\/td>\n<td class=\"invisible\"> Policial<\/td>\n<td class=\"invisible\"> Militar<\/td>\n<\/tr>\n<tr>\n<td class=\"invisible\"> VIP<\/td>\n<td>\u2713 Senhoras<\/td>\n<td>\u2713 Crian\u00e7as<\/td>\n<\/tr>\n<\/tbody>\n<\/table>\n<p style=\"clear: both\">\n<h4>Outras Informa\u00e7\u00f5es<\/h4>\n<ul>\n<li>Sem mais informa\u00e7\u00f5es&#8230;<\/li>\n<\/ul>\n<\/div>\t\t<a class=\"close-reveal-modal\">&#215;<\/a>\n\t\t\t\t\t<\/div><div data-reveal-id=\"mmt_member_344\" class=\"mmt col-mmt-4\"><div class=\"mmt_member_img\"><img decoding=\"async\" src=\"http:\/\/ikm-portugal.com\/wp\/wp-content\/uploads\/2014\/08\/1357603679mark_207x2301.jpg\" alt=\"Mark Coimbra\" ><\/div><h4>Mark Coimbra<\/h3><h6><\/h4><\/div><\/div><\/td>\n<\/tr>\n<tr class=\"ikm_row_black\">\n<td colspan=\"1\">Graduate 4<\/td>\n<\/tr>\n<tr>\n<td colspan=\"2\"><div \n\t\t\t\t\t\tdata-debug='false'\n\t\t\t\t\t\tdata-align='center' \n\t\t\t\t\t\tdata-enable-modal = 'true' \n\t\t\t\t\t\tclass='mmt_container ' id='mmt69ea146790515'><div class=\"mmt_row row-fluid\">\t<div id=\"mmt_member_685\" class=\"reveal-modal\" data_modal_centering=\"false\"><div class=\"mmt_bio_picture\"><img decoding=\"async\" src=\"http:\/\/ikm-portugal.com\/wp\/wp-content\/uploads\/2015\/11\/abdulaziz.jpg\"><\/div><h4>Abdulaziz Gra\u00e7a<\/h4>\n\t\t\t\t\t\t<h6><\/h6><a href=\"mailto:abdulgraca@gmail.com\" target=\"_blank\">abdulgraca@gmail.com<\/a><div><p class=\"mmt_phoneNr\">965 555 603<\/p>\n<table class=\"specTable\">\n<tbody>\n<tr>\n<td class=\"ikm_row_black\" colspan=\"3\">Especialidades<\/td>\n<\/tr>\n<tr>\n<td class=\"invisible\">Seguran\u00e7a<\/td>\n<td class=\"invisible\">Policial<\/td>\n<td class=\"invisible\">Militar<\/td>\n<\/tr>\n<tr>\n<td class=\"invisible\">VIP<\/td>\n<td class=\"invisible\">Senhoras<\/td>\n<td class=\"invisible\">Crian\u00e7as<\/td>\n<\/tr>\n<\/tbody>\n<\/table>\n<h4>Outras Informa\u00e7\u00f5es<\/h4>\n<ul>\n<li>Sem mais informa\u00e7\u00f5es&#8230;<\/li>\n<\/ul>\n<\/div>\t\t<a class=\"close-reveal-modal\">&#215;<\/a>\n\t\t\t\t\t<\/div><div data-reveal-id=\"mmt_member_685\" class=\"mmt col-mmt-4\"><div class=\"mmt_member_img\"><img decoding=\"async\" src=\"http:\/\/ikm-portugal.com\/wp\/wp-content\/uploads\/2015\/11\/abdulaziz.jpg\" alt=\"Abdulaziz Gra\u00e7a\" ><\/div><h4>Abdulaziz Gra\u00e7a<\/h3><h6><\/h4><\/div><\/div><\/td>\n<\/tr>\n<tr class=\"ikm_row_black\">\n<td colspan=\"1\">Graduate 3<\/td>\n<\/tr>\n<tr>\n<td colspan=\"2\"><div \n\t\t\t\t\t\tdata-debug='false'\n\t\t\t\t\t\tdata-align='center' \n\t\t\t\t\t\tdata-enable-modal = 'true' \n\t\t\t\t\t\tclass='mmt_container ' id='mmt69ea1467910b0'><div class=\"mmt_row row-fluid\">\t<div id=\"mmt_member_331\" class=\"reveal-modal\" data_modal_centering=\"false\"><div class=\"mmt_bio_picture\"><img decoding=\"async\" src=\"http:\/\/ikm-portugal.com\/wp\/wp-content\/uploads\/2014\/08\/1377036703HugoRebelo1.jpg\"><\/div><h4>Hugo Rebelo<\/h4>\n\t\t\t\t\t\t<h6><\/h6><a href=\"mailto:alexnobr@gmail.com\" target=\"_blank\">alexnobr@gmail.com<\/a><div><p>963388497<\/p>\n<table class=\"specTable\">\n<tbody>\n<tr>\n<td colspan=\"3\" class=\"ikm_row_black\">Especialidades<\/td>\n<\/tr>\n<tr>\n<td class=\"invisible\"> Seguran\u00e7a<\/td>\n<td class=\"invisible\"> Policial<\/td>\n<td class=\"invisible\"> Militar<\/td>\n<\/tr>\n<tr>\n<td class=\"invisible\"> VIP<\/td>\n<td class=\"invisible\"> Senhoras<\/td>\n<td class=\"invisible\"> Crian\u00e7as<\/td>\n<\/tr>\n<\/tbody>\n<\/table>\n<p style=\"clear: both\">\n<h4>Outras Informa\u00e7\u00f5es<\/h4>\n<ul>\n<li>Sem mais informa\u00e7\u00f5es&#8230;<\/li>\n<\/ul>\n<\/div>\t\t<a class=\"close-reveal-modal\">&#215;<\/a>\n\t\t\t\t\t<\/div><div data-reveal-id=\"mmt_member_331\" class=\"mmt col-mmt-4\"><div class=\"mmt_member_img\"><img decoding=\"async\" src=\"http:\/\/ikm-portugal.com\/wp\/wp-content\/uploads\/2014\/08\/1377036703HugoRebelo1.jpg\" alt=\"Hugo Rebelo\" ><\/div><h4>Hugo Rebelo<\/h3><h6><\/h4><\/div>\t<div id=\"mmt_member_1219\" class=\"reveal-modal\" data_modal_centering=\"false\"><div class=\"mmt_bio_picture\"><img decoding=\"async\" src=\"http:\/\/www.ikm-portugal.com\/wp\/wp-content\/uploads\/2019\/09\/WhatsApp-Image-2019-09-01-at-23.55.34.jpeg\"><\/div><h4>Roberto Vega<\/h4>\n\t\t\t\t\t\t<h6><\/h6><a href=\"mailto:roberto.vegaalv@gmail.com\" target=\"_blank\">roberto.vegaalv@gmail.com<\/a><div><p class=\"mmt_phoneNr\">0034 636 170 897<\/p>\n<table class=\"specTable\">\n<tbody>\n<tr>\n<td colspan=\"3\" class=\"ikm_row_black\">Especialidades<\/td>\n<\/tr>\n<tr>\n<td class=\"invisible\"> Seguran\u00e7a<\/td>\n<td class=\"invisible\"> Policial<\/td>\n<td class=\"invisible\"> Militar<\/td>\n<\/tr>\n<tr>\n<td class=\"invisible\"> VIP<\/td>\n<td class=\"invisible\"> Senhoras<\/td>\n<td class=\"invisible\"> Crian\u00e7as<\/td>\n<\/tr>\n<\/tbody>\n<\/table>\n<p style=\"clear: both\">\n<h4>Outras Informa\u00e7\u00f5es<\/h4>\n<ul>\n<li>Sem outras informa\u00e7\u00f5es&#8230;<\/li>\n<\/ul>\n<\/div>\t\t<a class=\"close-reveal-modal\">&#215;<\/a>\n\t\t\t\t\t<\/div><div data-reveal-id=\"mmt_member_1219\" class=\"mmt col-mmt-4\"><div class=\"mmt_member_img\"><img decoding=\"async\" src=\"http:\/\/www.ikm-portugal.com\/wp\/wp-content\/uploads\/2019\/09\/WhatsApp-Image-2019-09-01-at-23.55.34.jpeg\" alt=\"Roberto Vega\" ><\/div><h4>Roberto Vega<\/h3><h6><\/h4><\/div><\/div><\/td>\n<\/tr>\n<tr class=\"ikm_row_black\">\n<td colspan=\"1\">Graduate 2<\/td>\n<\/tr>\n<tr>\n<td colspan=\"2\"><div \n\t\t\t\t\t\tdata-debug='false'\n\t\t\t\t\t\tdata-align='center' \n\t\t\t\t\t\tdata-enable-modal = 'true' \n\t\t\t\t\t\tclass='mmt_container ' id='mmt69ea146792497'><div class=\"mmt_row row-fluid\">\t<div id=\"mmt_member_347\" class=\"reveal-modal\" data_modal_centering=\"false\"><div class=\"mmt_bio_picture\"><img decoding=\"async\" src=\"http:\/\/ikm-portugal.com\/wp\/wp-content\/uploads\/2014\/11\/andre-duque.png\"><\/div><h4>Andr\u00e9 Duque<\/h4>\n\t\t\t\t\t\t<h6><\/h6><a href=\"mailto:alfaduque@hotmail.com\" target=\"_blank\">alfaduque@hotmail.com<\/a><div><p class=\"mmt_phoneNr\">966288301<\/p>\n<table class=\"specTable\">\n<tbody>\n<tr>\n<td colspan=\"3\" class=\"ikm_row_black\">Especialidades<\/td>\n<\/tr>\n<tr>\n<td class=\"invisible\">\u2713 Seguran\u00e7a<\/td>\n<td class=\"invisible\">\u2713 Policial<\/td>\n<td class=\"invisible\">\u2713 Militar<\/td>\n<\/tr>\n<tr>\n<td class=\"invisible\">\u2713 VIP<\/td>\n<td class=\"invisible\">\u2713 Senhoras<\/td>\n<td class=\"invisible\">\u2713 Crian\u00e7as<\/td>\n<\/tr>\n<\/tbody>\n<\/table>\n<p style=\"clear: both\">\n<h4>Outras Informa\u00e7\u00f5es<\/h4>\n<ul>\n<li>Sem mais informa\u00e7\u00f5es&#8230;<\/li>\n<\/ul>\n<\/div>\t\t<a class=\"close-reveal-modal\">&#215;<\/a>\n\t\t\t\t\t<\/div><div data-reveal-id=\"mmt_member_347\" class=\"mmt col-mmt-4\"><div class=\"mmt_member_img\"><img decoding=\"async\" src=\"http:\/\/ikm-portugal.com\/wp\/wp-content\/uploads\/2014\/11\/andre-duque.png\" alt=\"Andr\u00e9 Duque\" ><\/div><h4>Andr\u00e9 Duque<\/h3><h6><\/h4><\/div>\t<div id=\"mmt_member_915\" class=\"reveal-modal\" data_modal_centering=\"false\"><div class=\"mmt_bio_picture\"><img decoding=\"async\" src=\"http:\/\/www.ikm-portugal.com\/wp\/wp-content\/uploads\/2016\/09\/andreiocarvalho_team-e1473722680169.jpg\"><\/div><h4>Andreio Carvalho<\/h4>\n\t\t\t\t\t\t<h6><\/h6><a href=\"mailto:ikm.madeira@gmail.com\" target=\"_blank\">ikm.madeira@gmail.com<\/a><div><p class=\"mmt_phoneNr\">961 062 835<\/p>\n<table class=\"specTable\">\n<tbody>\n<tr>\n<td class=\"ikm_row_black\" colspan=\"3\">Especialidades<\/td>\n<\/tr>\n<tr>\n<td class=\"invisible\">Seguran\u00e7a<\/td>\n<td class=\"invisible\">Policial<\/td>\n<td class=\"invisible\">Militar<\/td>\n<\/tr>\n<tr>\n<td class=\"invisible\">VIP<\/td>\n<td class=\"invisible\">Senhoras<\/td>\n<td class=\"invisible\">Crian\u00e7as<\/td>\n<\/tr>\n<\/tbody>\n<\/table>\n<h4>Outras Informa\u00e7\u00f5es<\/h4>\n<ul>\n<li>Sem outras informa\u00e7\u00f5es&#8230;<\/li>\n<\/ul>\n<\/div>\t\t<a class=\"close-reveal-modal\">&#215;<\/a>\n\t\t\t\t\t<\/div><div data-reveal-id=\"mmt_member_915\" class=\"mmt col-mmt-4\"><div class=\"mmt_member_img\"><img decoding=\"async\" src=\"http:\/\/www.ikm-portugal.com\/wp\/wp-content\/uploads\/2016\/09\/andreiocarvalho_team-e1473722680169.jpg\" alt=\"Andreio Carvalho\" ><\/div><h4>Andreio Carvalho<\/h3><h6><\/h4><\/div><\/div><\/td>\n<\/tr>\n<\/tbody>\n<\/table>\n","protected":false},"excerpt":{"rendered":"<p>\u00a0Instrutores IKM Portugal Master 1 Expert 3 Expert 2 Expert 1 Graduate 5 Graduate 4 Graduate 3 Graduate 2<\/p>\n","protected":false},"author":4,"featured_media":0,"parent":37,"menu_order":0,"comment_status":"open","ping_status":"open","template":"","meta":{"footnotes":""},"class_list":["post-51","page","type-page","status-publish","hentry"],"_links":{"self":[{"href":"http:\/\/www.ikm-portugal.com\/wp\/index.php?rest_route=\/wp\/v2\/pages\/51","targetHints":{"allow":["GET"]}}],"collection":[{"href":"http:\/\/www.ikm-portugal.com\/wp\/index.php?rest_route=\/wp\/v2\/pages"}],"about":[{"href":"http:\/\/www.ikm-portugal.com\/wp\/index.php?rest_route=\/wp\/v2\/types\/page"}],"author":[{"embeddable":true,"href":"http:\/\/www.ikm-portugal.com\/wp\/index.php?rest_route=\/wp\/v2\/users\/4"}],"replies":[{"embeddable":true,"href":"http:\/\/www.ikm-portugal.com\/wp\/index.php?rest_route=%2Fwp%2Fv2%2Fcomments&post=51"}],"version-history":[{"count":84,"href":"http:\/\/www.ikm-portugal.com\/wp\/index.php?rest_route=\/wp\/v2\/pages\/51\/revisions"}],"predecessor-version":[{"id":1273,"href":"http:\/\/www.ikm-portugal.com\/wp\/index.php?rest_route=\/wp\/v2\/pages\/51\/revisions\/1273"}],"up":[{"embeddable":true,"href":"http:\/\/www.ikm-portugal.com\/wp\/index.php?rest_route=\/wp\/v2\/pages\/37"}],"wp:attachment":[{"href":"http:\/\/www.ikm-portugal.com\/wp\/index.php?rest_route=%2Fwp%2Fv2%2Fmedia&parent=51"}],"curies":[{"name":"wp","href":"https:\/\/api.w.org\/{rel}","templated":true}]}}