{"id":41,"date":"2014-08-22T15:53:09","date_gmt":"2014-08-22T15:53:09","guid":{"rendered":"http:\/\/localhost:88\/ikmptwp\/?page_id=41"},"modified":"2023-02-06T20:31:29","modified_gmt":"2023-02-06T20:31:29","slug":"moises-frutuoso","status":"publish","type":"page","link":"http:\/\/www.ikm-portugal.com\/wp\/?page_id=41","title":{"rendered":"Mois\u00e9s Frutuoso"},"content":{"rendered":"<h2>Mois\u00e9s Frutuoso :: Instrutor-Chefe da IKM Internacional e Diretor da IKM-Portugal<\/h2>\n<p><img loading=\"lazy\" decoding=\"async\" class=\"pull-left alignnone wp-image-1227 size-medium\" src=\"http:\/\/www.ikm-portugal.com\/wp\/wp-content\/uploads\/2019\/10\/Moises_2019-200x300.jpg\" alt=\"\" width=\"200\" height=\"300\" srcset=\"http:\/\/www.ikm-portugal.com\/wp\/wp-content\/uploads\/2019\/10\/Moises_2019-200x300.jpg 200w, http:\/\/www.ikm-portugal.com\/wp\/wp-content\/uploads\/2019\/10\/Moises_2019-768x1152.jpg 768w, http:\/\/www.ikm-portugal.com\/wp\/wp-content\/uploads\/2019\/10\/Moises_2019-683x1024.jpg 683w, http:\/\/www.ikm-portugal.com\/wp\/wp-content\/uploads\/2019\/10\/Moises_2019-150x225.jpg 150w, http:\/\/www.ikm-portugal.com\/wp\/wp-content\/uploads\/2019\/10\/Moises_2019-333x500.jpg 333w, http:\/\/www.ikm-portugal.com\/wp\/wp-content\/uploads\/2019\/10\/Moises_2019.jpg 1280w\" sizes=\"auto, (max-width: 200px) 100vw, 200px\" \/>Nasceu em 30 de Dezembro de 1976, frequentou com aproveitamento o primeiro\u00a0 Curso de Instrutores da Federa\u00e7\u00e3o Internacional de Krav Maga em Portugal que terminou em Outubro de 2007 e os Cursos de Instrutores de Krav Maga para For\u00e7as\u00a0 Militares, For\u00e7as Policiais, Protec\u00e7\u00e3o VIP, Instrutor de crian\u00e7as e Senhoras em Israel durante o ano de 2008.<\/p>\n<p>Antes de praticar Krav Maga, Mois\u00e9s Frutuoso, desde sempre esteve ligado ao Desporto e ao Treino F\u00edsico. Treinou Kick Boxing, Muay Thay, Atletismo, P\u00e1ra-quedismo militar, Muscula\u00e7\u00e3o, Montanhismo, Rafting, entre outras modalidades, sendo que se destacam alguns de muitos pr\u00e9mios conquistados;<\/p>\n<ul>\n<li>Campe\u00e3o Nacional de Corta-Mato por equipas no escal\u00e3o de Infantil em 1993.<\/li>\n<li>Campe\u00e3o Regional de Corta-Mato por equipas no escal\u00e3o de Infantil em 1993.<\/li>\n<li>Campe\u00e3o Regional de Corta-Mato por equipas no escal\u00e3o de J\u00fanior em 1994 e 1995.<\/li>\n<li>Vice Campe\u00e3o Regional de 3000 metros com obst\u00e1culos no escal\u00e3o de J\u00fanior em 1995.<\/li>\n<li>Medalha de M\u00e9rito Desportivo da C\u00e2mara Municipal de Loures, 1993.<\/li>\n<\/ul>\n<p>De 1996 a 2006, durante o seu Servi\u00e7o Militar, foi Oficial P\u00e1ra-quedista, instruindo soldados das Unidades de P\u00e1ra-quedistas, quer no Territ\u00f3rio Nacional como em Timor Leste sobre o Comando das Na\u00e7\u00f5es Unidas, de onde se destacam alguns dos Louvores e condecora\u00e7\u00f5es conquistadas;<\/p>\n<ul>\n<li>Medalhas Comemorativas das Na\u00e7\u00f5es Unidas, Timor 2000\/01 e Timor 2002\/03.<\/li>\n<li>Louvor Publico do Exm\u00ba Major-General, Comandante da Brigada Aerotransportada Independente e do Comando das Tropas Aerotransportadas.<\/li>\n<li>Medalha de Comportamento Exemplar, Grau Cobre.<\/li>\n<\/ul>\n<ul>\n<li>Louvor Publico do Exm\u00ba General, Chefe do Estado Maior do Ex\u00e9rcito Portugu\u00eas.<\/li>\n<li>Medalha D\u00ba Afonso Henriques \u2013 Patrono do Ex\u00e9rcito, 3\u00aa Classe.<\/li>\n<li>Duas Medalhas Comemorativas das Comiss\u00f5es de Servi\u00e7o Especial das For\u00e7as Armadas.<\/li>\n<li>Louvor Publico do Exm\u00ba Major-General, Comandante da Brigada de Reac\u00e7\u00e3o R\u00e1pida e do Comando das Tropas Aerotransportadas.<\/li>\n<\/ul>\n<p>Na sua forma\u00e7\u00e3o, conta tamb\u00e9m entre outros, com cursos e ou forma\u00e7\u00f5es de grande relevo para a actividade, tais como;<\/p>\n<ul>\n<li>Curso de Oficiais P\u00e1ra-quedistas<\/li>\n<li>Forma\u00e7\u00e3o B\u00e1sica de Socorrismo.<\/li>\n<li>Curso de Instrutor, Oficial e ou Sargento de Tiro.<\/li>\n<li>Curso de Instrutor de Krav Maga da IKMF (International Krav Maga Federation), metodo de defesa pessoal Israelita.<\/li>\n<li>Curso de Cardio-Fitness e muscula\u00e7\u00e3o.<\/li>\n<\/ul>\n<ul>\n<li>Curso de Instrutor de Krav Maga para For\u00e7as Armadas da IKMF (International Krav Maga Federation), metodo de defesa pessoal Israelita efectuado em Israel.<\/li>\n<li>Curso de Instrutor de Krav Maga para For\u00e7as Policiais da IKMF (International Krav Maga Federation), metodo de defesa pessoal Israelita efectuado em Israel.<\/li>\n<li>Curso de Instrutor de Krav Maga para Protec\u00e7\u00e3o VIP da IKMF (International Krav Maga Federation), metodo de defesa pessoal Israelita efectuado em Israel.<\/li>\n<li>Curso de Instrutor de Krav Maga para Crian\u00e7as da IKMF (International Krav Maga Federation), metodo de defesa pessoal Israelita efectuado em Israel.<\/li>\n<li>Curso de Instrutor de Krav Maga para Senhoras da IKMF (International Krav Maga Federation), metodo de defesa pessoal Israelita efectuado em Israel.<\/li>\n<\/ul>\n<p>Actualmente \u00e9 o Instrutor-Chefe da IKM Internacional e <strong>Director<\/strong> da IKM-Portugal pertencendo tamb\u00e9m a <strong>WET<\/strong> (World Expert Team) da IKM, possuindo o n\u00edvel\u00a0de <strong>Master 1<\/strong> da IKM, dando aulas quase em exclusivo na <strong>Associa\u00e7\u00e3o Aprender Compensa<\/strong>, um espa\u00e7o criado todo ele a pensar na defesa pessoal e nomeadamente no Krav Maga, que conta j\u00e1 com quase uma centena de alunos de ambos os sexos e de todas as idades a partir dos 4 anos.<\/p>\n\n\n<p><\/p>\n","protected":false},"excerpt":{"rendered":"<p>Mois\u00e9s Frutuoso :: Instrutor-Chefe da IKM Internacional e Diretor da IKM-Portugal Nasceu em 30 de Dezembro de 1976, frequentou com aproveitamento o primeiro\u00a0 Curso de Instrutores da Federa\u00e7\u00e3o Internacional de Krav Maga em Portugal que terminou em Outubro de 2007 e os Cursos de Instrutores de Krav Maga para For\u00e7as\u00a0 Militares, For\u00e7as Policiais, Protec\u00e7\u00e3o VIP, [&hellip;]<\/p>\n","protected":false},"author":4,"featured_media":0,"parent":37,"menu_order":0,"comment_status":"open","ping_status":"open","template":"","meta":{"footnotes":""},"class_list":["post-41","page","type-page","status-publish","hentry"],"_links":{"self":[{"href":"http:\/\/www.ikm-portugal.com\/wp\/index.php?rest_route=\/wp\/v2\/pages\/41","targetHints":{"allow":["GET"]}}],"collection":[{"href":"http:\/\/www.ikm-portugal.com\/wp\/index.php?rest_route=\/wp\/v2\/pages"}],"about":[{"href":"http:\/\/www.ikm-portugal.com\/wp\/index.php?rest_route=\/wp\/v2\/types\/page"}],"author":[{"embeddable":true,"href":"http:\/\/www.ikm-portugal.com\/wp\/index.php?rest_route=\/wp\/v2\/users\/4"}],"replies":[{"embeddable":true,"href":"http:\/\/www.ikm-portugal.com\/wp\/index.php?rest_route=%2Fwp%2Fv2%2Fcomments&post=41"}],"version-history":[{"count":15,"href":"http:\/\/www.ikm-portugal.com\/wp\/index.php?rest_route=\/wp\/v2\/pages\/41\/revisions"}],"predecessor-version":[{"id":1277,"href":"http:\/\/www.ikm-portugal.com\/wp\/index.php?rest_route=\/wp\/v2\/pages\/41\/revisions\/1277"}],"up":[{"embeddable":true,"href":"http:\/\/www.ikm-portugal.com\/wp\/index.php?rest_route=\/wp\/v2\/pages\/37"}],"wp:attachment":[{"href":"http:\/\/www.ikm-portugal.com\/wp\/index.php?rest_route=%2Fwp%2Fv2%2Fmedia&parent=41"}],"curies":[{"name":"wp","href":"https:\/\/api.w.org\/{rel}","templated":true}]}}