{"id":39,"date":"2014-08-22T15:52:16","date_gmt":"2014-08-22T15:52:16","guid":{"rendered":"http:\/\/localhost:88\/ikmptwp\/?page_id=39"},"modified":"2015-12-10T17:56:08","modified_gmt":"2015-12-10T17:56:08","slug":"a-ikm-portugal","status":"publish","type":"page","link":"http:\/\/www.ikm-portugal.com\/wp\/?page_id=39","title":{"rendered":"A IKM-Portugal"},"content":{"rendered":"<h2>A IKM-PORTUGAL<\/h2>\n<p>A IKM-Portugal surge em Setembro de 2010, criada pelo facto da uni\u00e3o entre o Mestre Eli Ben-Ami e o Mestre Gabi Noah na \u201cGabi Noah International Krav Maga\u201d, formada \u00e0 base da grande maioria dos Instrutores e Alunos da, at\u00e9 ent\u00e3o, IKMF-Portugal.<\/p>\n<p>A IKMF-PORTUGAL (International Krav Maga Federation &#8211; Portugal) foi criada em 2006 por um grupo de Instrutores e praticantes que sentiram a necessidade de criar uma organiza\u00e7\u00e3o que fosse fiel aos princ\u00edpios do Krav Maga e do seu fundador.<\/p>\n<p>Assim aconteceu o primeiro contacto em 2005, com a IKMF, na pessoa do Mestre Eli Ben-Ami, aluno de Imi Lichtenfeld e um dos co-fundadores da IKMF.<\/p>\n<p>Este contacto depressa se tornou numa boa coopera\u00e7\u00e3o e numa excelente amizade, na qual mais tarde veio a resultar no convite para o grupo, liderado pelo Prof. Pablo Caruso, pertencer \u00e0 sua organiza\u00e7\u00e3o e ser o \u00fanico representante oficial da IKMF no nosso pa\u00eds.<\/p>\n<p>O Prof. Pablo Caruso, como respons\u00e1vel m\u00e1ximo e, sem quem nada seria poss\u00edvel, foi a primeira pessoa (o 1\u00ba instrutor de Krav-Maga em Portugal) a desbravar o caminho do Krav-Maga nacional.<\/p>\n<p>Ap\u00f3s o infeliz afastamento do Professor Pablo Caruso, por motivos de sa\u00fade, a IKMF-Portugal contou ainda com a direc\u00e7\u00e3o primeiro do Instrutor Nuno Jesus e mais tarde, em Agosto de 2009, do Instrutor Mois\u00e9s Frutuoso.<\/p>\n<p>Com a associa\u00e7\u00e3o do Mestre Eli Ben-Ami, Mestre at\u00e9 ent\u00e3o respons\u00e1vel pela IKMF em Portugal, \u00e0 IKM e tendo em conta o excelente entendimento entre os Instrutores e Alunos da IKMF-Portugal com o Mestre Gabi Noah, a decis\u00e3o de seguirmos o exemplo do Mestre Eli, n\u00e3o foi dif\u00edcil, tendo assim surgido em Setembro de 2010 a IKM-Portugal, dirigida pelo Instrutor Mois\u00e9s Frutuoso.<\/p>\n","protected":false},"excerpt":{"rendered":"<p>A IKM-PORTUGAL A IKM-Portugal surge em Setembro de 2010, criada pelo facto da uni\u00e3o entre o Mestre Eli Ben-Ami e o Mestre Gabi Noah na \u201cGabi Noah International Krav Maga\u201d, formada \u00e0 base da grande maioria dos Instrutores e Alunos da, at\u00e9 ent\u00e3o, IKMF-Portugal. A IKMF-PORTUGAL (International Krav Maga Federation &#8211; Portugal) foi criada em [&hellip;]<\/p>\n","protected":false},"author":4,"featured_media":0,"parent":37,"menu_order":0,"comment_status":"open","ping_status":"open","template":"","meta":{"footnotes":""},"class_list":["post-39","page","type-page","status-publish","hentry"],"_links":{"self":[{"href":"http:\/\/www.ikm-portugal.com\/wp\/index.php?rest_route=\/wp\/v2\/pages\/39","targetHints":{"allow":["GET"]}}],"collection":[{"href":"http:\/\/www.ikm-portugal.com\/wp\/index.php?rest_route=\/wp\/v2\/pages"}],"about":[{"href":"http:\/\/www.ikm-portugal.com\/wp\/index.php?rest_route=\/wp\/v2\/types\/page"}],"author":[{"embeddable":true,"href":"http:\/\/www.ikm-portugal.com\/wp\/index.php?rest_route=\/wp\/v2\/users\/4"}],"replies":[{"embeddable":true,"href":"http:\/\/www.ikm-portugal.com\/wp\/index.php?rest_route=%2Fwp%2Fv2%2Fcomments&post=39"}],"version-history":[{"count":5,"href":"http:\/\/www.ikm-portugal.com\/wp\/index.php?rest_route=\/wp\/v2\/pages\/39\/revisions"}],"predecessor-version":[{"id":736,"href":"http:\/\/www.ikm-portugal.com\/wp\/index.php?rest_route=\/wp\/v2\/pages\/39\/revisions\/736"}],"up":[{"embeddable":true,"href":"http:\/\/www.ikm-portugal.com\/wp\/index.php?rest_route=\/wp\/v2\/pages\/37"}],"wp:attachment":[{"href":"http:\/\/www.ikm-portugal.com\/wp\/index.php?rest_route=%2Fwp%2Fv2%2Fmedia&parent=39"}],"curies":[{"name":"wp","href":"https:\/\/api.w.org\/{rel}","templated":true}]}}