{"id":13,"date":"2014-08-22T14:53:17","date_gmt":"2014-08-22T14:53:17","guid":{"rendered":"http:\/\/localhost:88\/ikmptwp\/?page_id=13"},"modified":"2015-12-10T17:52:51","modified_gmt":"2015-12-10T17:52:51","slug":"mestre-eli-ben-ami","status":"publish","type":"page","link":"http:\/\/www.ikm-portugal.com\/wp\/?page_id=13","title":{"rendered":"Mestre Eli Ben-Ami"},"content":{"rendered":"<h2>Mestre Eli Ben-Ami<\/h2>\n<p><img loading=\"lazy\" decoding=\"async\" class=\"imageFramed pull-left alignnone wp-image-570 size-full\" src=\"http:\/\/www.ikm-portugal.com\/wp\/wp-content\/uploads\/2015\/07\/eli.jpg\" alt=\"eli\" width=\"120\" height=\"146\" \/><\/p>\n<p><strong>ELI BEN-AMI<\/strong>, nasceu em Dezembro 1952<\/p>\n<p>Come\u00e7ou a treinar Krav-Maga em 1968 com o criador e o fundador do sistema Imi Lichtinfield no seu primeiro clube de treino civil em Tel-Aviv, Israel.<\/p>\n<p>Antes de treinar com Imi, Eli treinou judo durante 8 anos, tendo em 1974 terminado o seu primeiro curso certificado de instrutor e come\u00e7ando a treinar os seus primeiros estudantes em 1975. Adicionalmente foi certificado como instrutor de judo, instrutor de fitness e monitor de gin\u00e1sio.<\/p>\n<p><img loading=\"lazy\" decoding=\"async\" class=\"imageFramed pull-right alignnone wp-image-571 size-medium\" src=\"http:\/\/www.ikm-portugal.com\/wp\/wp-content\/uploads\/2015\/07\/eli_eimi-183x300.jpg\" alt=\"eli_eimi\" width=\"183\" height=\"300\" srcset=\"http:\/\/www.ikm-portugal.com\/wp\/wp-content\/uploads\/2015\/07\/eli_eimi-183x300.jpg 183w, http:\/\/www.ikm-portugal.com\/wp\/wp-content\/uploads\/2015\/07\/eli_eimi-150x245.jpg 150w, http:\/\/www.ikm-portugal.com\/wp\/wp-content\/uploads\/2015\/07\/eli_eimi-306x500.jpg 306w, http:\/\/www.ikm-portugal.com\/wp\/wp-content\/uploads\/2015\/07\/eli_eimi.jpg 610w\" sizes=\"auto, (max-width: 183px) 100vw, 183px\" \/><\/p>\n<p>De 1975 a 1990 durante o seu servi\u00e7o militar na reserva, instru\u00eda soldados das unidades de infantaria e das unidades especiais de combate, \u201ctropas de elite\u201d.<br \/> Era membro da associa\u00e7\u00e3o israelita de Krav-Maga, da qual se afastou e tamb\u00e9m do seu s\u00f3cio Eli Avigzar, (que foi seu professor at\u00e9 1990) para criar a associa\u00e7\u00e3o de K.M.I.<\/p>\n<p>Em 1994 juntou-se a Eyal Yanilov, Gabi Noah e Avi Moyal para dar forma \u00e0 Federa\u00e7\u00e3o Internacional de Krav Maga \u2013 I.K.M.F., da qual foi membro fundador.<\/p>\n<p>Entre 1990 e 1993 morou em Joanesburgo, \u00c1frica-do-Sul. Durante os tr\u00eas anos que l\u00e1 esteve ensinou Krav-Maga em diversos locais e academias.<\/p>\n<p>De 1994 a 2004 foi membro activo da Guarda Civil (pol\u00edcia), tendo formado durante esses 10 anos unidades especiais da pol\u00edcia e guardas prisionais.<\/p>\n<p>Em Agosto de 2010, junta-se ao Mestre Gabi Noah na \u201cGabi Noah International Krav Maga\u201d<\/p>\n<p>Actualmente tem o n\u00edvel 1 de Mestre e gere diversos clubes de treino em Israel, onde treina crian\u00e7as a partir de 4 anos de idade, jovens e adultos, assim como no sector Militar e For\u00e7as da Lei<\/p>\n<p>Dirige cursos de instrutores para civis, policiais e militares, cursos de instrutores de seguran\u00e7a (bodyguard) e dirige semin\u00e1rios de Krav-Maga a condutores de transportes p\u00fablicos e outros grupos especiais.<\/p>\n","protected":false},"excerpt":{"rendered":"<p>Mestre Eli Ben-Ami ELI BEN-AMI, nasceu em Dezembro 1952 Come\u00e7ou a treinar Krav-Maga em 1968 com o criador e o fundador do sistema Imi Lichtinfield no seu primeiro clube de treino civil em Tel-Aviv, Israel. Antes de treinar com Imi, Eli treinou judo durante 8 anos, tendo em 1974 terminado o seu primeiro curso certificado [&hellip;]<\/p>\n","protected":false},"author":4,"featured_media":0,"parent":0,"menu_order":0,"comment_status":"open","ping_status":"open","template":"","meta":{"footnotes":""},"class_list":["post-13","page","type-page","status-publish","hentry"],"_links":{"self":[{"href":"http:\/\/www.ikm-portugal.com\/wp\/index.php?rest_route=\/wp\/v2\/pages\/13","targetHints":{"allow":["GET"]}}],"collection":[{"href":"http:\/\/www.ikm-portugal.com\/wp\/index.php?rest_route=\/wp\/v2\/pages"}],"about":[{"href":"http:\/\/www.ikm-portugal.com\/wp\/index.php?rest_route=\/wp\/v2\/types\/page"}],"author":[{"embeddable":true,"href":"http:\/\/www.ikm-portugal.com\/wp\/index.php?rest_route=\/wp\/v2\/users\/4"}],"replies":[{"embeddable":true,"href":"http:\/\/www.ikm-portugal.com\/wp\/index.php?rest_route=%2Fwp%2Fv2%2Fcomments&post=13"}],"version-history":[{"count":16,"href":"http:\/\/www.ikm-portugal.com\/wp\/index.php?rest_route=\/wp\/v2\/pages\/13\/revisions"}],"predecessor-version":[{"id":734,"href":"http:\/\/www.ikm-portugal.com\/wp\/index.php?rest_route=\/wp\/v2\/pages\/13\/revisions\/734"}],"wp:attachment":[{"href":"http:\/\/www.ikm-portugal.com\/wp\/index.php?rest_route=%2Fwp%2Fv2%2Fmedia&parent=13"}],"curies":[{"name":"wp","href":"https:\/\/api.w.org\/{rel}","templated":true}]}}