{"id":11,"date":"2014-08-22T14:52:40","date_gmt":"2014-08-22T14:52:40","guid":{"rendered":"http:\/\/localhost:88\/ikmptwp\/?page_id=11"},"modified":"2015-12-10T17:53:57","modified_gmt":"2015-12-10T17:53:57","slug":"mestre-gabi-noah","status":"publish","type":"page","link":"http:\/\/www.ikm-portugal.com\/wp\/?page_id=11","title":{"rendered":"Mestre Gabi Noah"},"content":{"rendered":"<h2>Mestre Gabi Noah<\/h2>\n<p><img loading=\"lazy\" decoding=\"async\" class=\"imageFramed pull-left\" src=\"http:\/\/www.ikm-portugal.com\/wp\/wp-content\/uploads\/2015\/07\/Gabi_black_bakgnd-238x300.jpg\" alt=\"Gabi_black_bakgnd\" width=\"238\" height=\"300\" \/><\/p>\n<p><strong>GABI NOAH<\/strong>, nasceu na S\u00edria em 1964, sendo que ainda n\u00e3o tinha feito 15 anos quando em 1979, emigrou para Israel, onde se iniciou na disciplina de KRAV MAGA, com o Instrutor Rafi Algrisi.<\/p>\n<p>Dois anos mais tarde, Gabi torna-se aluno tamb\u00e9m do fundador e Pai do Krav Maga, o Grande Mestre Imi Sde-Or (Lichtenfeld).<\/p>\n<p>Em 1982, Gabi Noah, termina com sucesso o Curso de Assistente de Instrutor, certificado pela \u201cKrav Maga Union, sendo que, dois anos depois, j\u00e1 em 1984, finalizou com aproveitamento o Curso de Instrutor de Krav Maga, certificado pelo \u201cWingate Institute\u201d em Israel.<\/p>\n<p>Ainda no ano de 1984, Gabi Noah obteve o seu cinto negro (1\u00ba Dan) de Krav Maga, assinado pelo Instrutor Eli Avikzar e pelo pr\u00f3prio Grande Mestre Imi Sde-Or.<\/p>\n<p>Em 1985, Gabi Noah ingressa nas \u201cIsraeli Defence Forces\u201d (IDF) e faz as seguintes forma\u00e7\u00f5es:<\/p>\n<ul>\n<li>Treinador e Sargento de \u201cCombat Fitness\u201d<\/li>\n<li>Treinador e operador de gin\u00e1sio<\/li>\n<li>Instrutor de Krav Maga<\/li>\n<\/ul>\n<div style=\"clear: both;\">\u00a0<\/div>\n<p><img loading=\"lazy\" decoding=\"async\" class=\"imageFramed pull-right\" src=\"http:\/\/www.ikm-portugal.com\/wp\/wp-content\/uploads\/2015\/07\/Gabi_IMI.jpg\" alt=\"Gabi_IMI\" width=\"192\" height=\"216\" \/><\/p>\n<p>Durante o seu servi\u00e7o Militar, Gabi Noah foi Instrutor S\u00e9nior de v\u00e1rios cursos de Krav Maga, incluindo Cursos de Instrutores, na \u201cSchool for Combat Fitness Training\u201d, tendo treinado\u00a0as mais\u00a0v\u00e1rias Unidades, entre elas, Unidades Especiais de Comandos, de Infantaria e de Guardas Fronteiri\u00e7os.A sua principal fun\u00e7\u00e3o nas IDF, era de formar Instrutores de Krav Maga Militar, fun\u00e7\u00f5es essas que manteve durante todo o seu servi\u00e7o de reserva.<\/p>\n<p>Em 1988, Gabi terminou o seu servi\u00e7o Militar e consequentemente abriu o seu pr\u00f3prio Instituto de Krav Maga em Netanya, mantendo-se no entanto como aluno do Grande Mestre Imi Sde-Or.<\/p>\n<p>Em 1995, juntamente com outros Mestres de Krav Maga, como os, Eyal Yanilov, Avi Moyal e Eli Ben-Ami, fundaram a \u201cInternational Krav Maga Federation\u201d (IKMF), com o consentimento do Grande Mestre Imi Sede-Or.<\/p>\n<p>Na IKM, Gabi foi o respons\u00e1vel pelos sectores Profissionais e Administrativos daquela Organiza\u00e7\u00e3o.<\/p>\n<p>Gabi dava tamb\u00e9m suporte t\u00e9cnico a Instrutores da Federa\u00e7\u00e3o, dentro e fora de Israel, assim como era o respons\u00e1vel pelo desenvolvimento da IKMF em v\u00e1rios Pa\u00edses, como Fran\u00e7a, B\u00e9lgica, Su\u00e9cia, Luxemburgo, Liechtenstein e outros.<\/p>\n<div style=\"clear: both;\">\u00a0<\/div>\n<p><img loading=\"lazy\" decoding=\"async\" class=\"imageFramed pull-right alignnone wp-image-593 size-full\" src=\"http:\/\/www.ikm-portugal.com\/wp\/wp-content\/uploads\/2015\/07\/imicrochet-e1436806303186.jpg\" alt=\"imicrochet\" width=\"208\" height=\"208\" \/><\/p>\n<p>O Instituto de Krav Maga do Mestre Gabi em Netanya, Israel, era tamb\u00e9m a Sede Mundial da IKMF.<\/p>\n<p>Ao longo dos anos, Gabi Noah foi sempre dando aulas de Krav Maga em v\u00e1rias Institui\u00e7\u00f5es como Escolas, Policia, Academias de Seguran\u00e7a, Guardas Prisionais, For\u00e7as Armadas e outros diferentes \u00d3rg\u00e3os Governamentais, dentro e fora de Israel.<\/p>\n<p>Sempre ensinou tamb\u00e9m v\u00e1rios grupos, como civis, senhoras e crian\u00e7as de todas as idades<\/p>\n<p>J\u00e1 em 2009, Gabi Noah decidiu fundar a sua pr\u00f3pria Organiza\u00e7\u00e3o, aparecendo assim a \u201cInternational Krav Maga\u201d (IKM) \u00e0 qual, j\u00e1 em 2010, se juntou tamb\u00e9m o Mestre Eli Ben-Ami.<\/p>\n<p>Sendo Gabi Noah o Presidente e Director Mundial da IKM, \u00e9 agora o respons\u00e1vel por v\u00e1rios Pa\u00edses\/Cidades como; Portugal, Espanha, It\u00e1lia, Fran\u00e7a, B\u00e9lgica, Dinamarca, Su\u00e9cia, Pol\u00f4nia, Gr\u00e9cia, Africa do Sul, Canad\u00e1, Nova York, Brasil, M\u00e9xico, Camar\u00f5es, Gana, Timor Leste, entre outros.<\/p>\n<p>De forma a expandir a IKM por todo o Mundo, Gabi formou de raiz a IKM TOP TEAM, formada por todos os Directores de cada Pa\u00eds e pelos \u201cExpert&#8217;s\u201d nomeados por ele, como o Expert Mois\u00e9s Frutuoso, que o ajudam na forma\u00e7\u00e3o de Alunos e Instrutores em todo o mundo.<\/p>\n","protected":false},"excerpt":{"rendered":"<p>Mestre Gabi Noah GABI NOAH, nasceu na S\u00edria em 1964, sendo que ainda n\u00e3o tinha feito 15 anos quando em 1979, emigrou para Israel, onde se iniciou na disciplina de KRAV MAGA, com o Instrutor Rafi Algrisi. Dois anos mais tarde, Gabi torna-se aluno tamb\u00e9m do fundador e Pai do Krav Maga, o Grande Mestre [&hellip;]<\/p>\n","protected":false},"author":4,"featured_media":0,"parent":0,"menu_order":0,"comment_status":"open","ping_status":"open","template":"","meta":{"footnotes":""},"class_list":["post-11","page","type-page","status-publish","hentry"],"_links":{"self":[{"href":"http:\/\/www.ikm-portugal.com\/wp\/index.php?rest_route=\/wp\/v2\/pages\/11","targetHints":{"allow":["GET"]}}],"collection":[{"href":"http:\/\/www.ikm-portugal.com\/wp\/index.php?rest_route=\/wp\/v2\/pages"}],"about":[{"href":"http:\/\/www.ikm-portugal.com\/wp\/index.php?rest_route=\/wp\/v2\/types\/page"}],"author":[{"embeddable":true,"href":"http:\/\/www.ikm-portugal.com\/wp\/index.php?rest_route=\/wp\/v2\/users\/4"}],"replies":[{"embeddable":true,"href":"http:\/\/www.ikm-portugal.com\/wp\/index.php?rest_route=%2Fwp%2Fv2%2Fcomments&post=11"}],"version-history":[{"count":43,"href":"http:\/\/www.ikm-portugal.com\/wp\/index.php?rest_route=\/wp\/v2\/pages\/11\/revisions"}],"predecessor-version":[{"id":735,"href":"http:\/\/www.ikm-portugal.com\/wp\/index.php?rest_route=\/wp\/v2\/pages\/11\/revisions\/735"}],"wp:attachment":[{"href":"http:\/\/www.ikm-portugal.com\/wp\/index.php?rest_route=%2Fwp%2Fv2%2Fmedia&parent=11"}],"curies":[{"name":"wp","href":"https:\/\/api.w.org\/{rel}","templated":true}]}}